{"id":3114,"date":"2024-09-23T19:10:04","date_gmt":"2024-09-23T17:10:04","guid":{"rendered":"https:\/\/spozarow.pl\/?page_id=3114"},"modified":"2024-09-23T19:11:00","modified_gmt":"2024-09-23T17:11:00","slug":"realizowane-projekty-3","status":"publish","type":"page","link":"https:\/\/spozarow.pl\/?page_id=3114","title":{"rendered":"Realizowane Projekty"},"content":{"rendered":"\t\t<div data-elementor-type=\"wp-page\" data-elementor-id=\"3114\" class=\"elementor elementor-3114\">\n\t\t\t\t<div class=\"elementor-element elementor-element-38530f3 e-flex e-con-boxed e-con e-parent\" data-id=\"38530f3\" data-element_type=\"container\" data-e-type=\"container\">\n\t\t\t\t\t<div class=\"e-con-inner\">\n\t\t\t\t\t<\/div>\n\t\t\t\t<\/div>\n\t\t\t\t<\/div>\n\t\t","protected":false},"excerpt":{"rendered":"","protected":false},"author":2,"featured_media":0,"parent":0,"menu_order":0,"comment_status":"closed","ping_status":"closed","template":"","meta":{"footnotes":""},"class_list":["post-3114","page","type-page","status-publish","hentry"],"yoast_head":"<!-- This site is optimized with the Yoast SEO plugin v27.4 - https:\/\/yoast.com\/product\/yoast-seo-wordpress\/ -->\n<title>Realizowane Projekty - Stowarzyszenie Na Rzecz Rozwoju Zespo\u0142u Szk\u00f3\u0142 w O\u017carowie im. Marii Sk\u0142odowskiej \u2013 Curie<\/title>\n<meta name=\"robots\" content=\"index, follow, max-snippet:-1, max-image-preview:large, max-video-preview:-1\" \/>\n<link rel=\"canonical\" href=\"https:\/\/spozarow.pl\/?page_id=3114\" \/>\n<meta property=\"og:locale\" content=\"pl_PL\" \/>\n<meta property=\"og:type\" content=\"article\" \/>\n<meta property=\"og:title\" content=\"Realizowane Projekty - Stowarzyszenie Na Rzecz Rozwoju Zespo\u0142u Szk\u00f3\u0142 w O\u017carowie im. Marii Sk\u0142odowskiej \u2013 Curie\" \/>\n<meta property=\"og:url\" content=\"https:\/\/spozarow.pl\/?page_id=3114\" \/>\n<meta property=\"og:site_name\" content=\"Stowarzyszenie Na Rzecz Rozwoju Zespo\u0142u Szk\u00f3\u0142 w O\u017carowie im. Marii Sk\u0142odowskiej \u2013 Curie\" \/>\n<meta property=\"article:modified_time\" content=\"2024-09-23T17:11:00+00:00\" \/>\n<meta name=\"twitter:card\" content=\"summary_large_image\" \/>\n<script type=\"application\/ld+json\" class=\"yoast-schema-graph\">{\"@context\":\"https:\\\/\\\/schema.org\",\"@graph\":[{\"@type\":\"WebPage\",\"@id\":\"https:\\\/\\\/spozarow.pl\\\/?page_id=3114\",\"url\":\"https:\\\/\\\/spozarow.pl\\\/?page_id=3114\",\"name\":\"Realizowane Projekty - Stowarzyszenie Na Rzecz Rozwoju Zespo\u0142u Szk\u00f3\u0142 w O\u017carowie im. Marii Sk\u0142odowskiej \u2013 Curie\",\"isPartOf\":{\"@id\":\"https:\\\/\\\/spozarow.pl\\\/#website\"},\"datePublished\":\"2024-09-23T17:10:04+00:00\",\"dateModified\":\"2024-09-23T17:11:00+00:00\",\"breadcrumb\":{\"@id\":\"https:\\\/\\\/spozarow.pl\\\/?page_id=3114#breadcrumb\"},\"inLanguage\":\"pl-PL\",\"potentialAction\":[{\"@type\":\"ReadAction\",\"target\":[\"https:\\\/\\\/spozarow.pl\\\/?page_id=3114\"]}]},{\"@type\":\"BreadcrumbList\",\"@id\":\"https:\\\/\\\/spozarow.pl\\\/?page_id=3114#breadcrumb\",\"itemListElement\":[{\"@type\":\"ListItem\",\"position\":1,\"name\":\"G\u0142\u00f3wna\",\"item\":\"https:\\\/\\\/spozarow.pl\\\/\"},{\"@type\":\"ListItem\",\"position\":2,\"name\":\"Realizowane Projekty\"}]},{\"@type\":\"WebSite\",\"@id\":\"https:\\\/\\\/spozarow.pl\\\/#website\",\"url\":\"https:\\\/\\\/spozarow.pl\\\/\",\"name\":\"Stowarzyszenie Na Rzecz Rozwoju Zespo\u0142u Szk\u00f3\u0142 w O\u017caroie im. Marii Sk\u0142odowskiej - Curie\",\"description\":\"\",\"publisher\":{\"@id\":\"https:\\\/\\\/spozarow.pl\\\/#organization\"},\"potentialAction\":[{\"@type\":\"SearchAction\",\"target\":{\"@type\":\"EntryPoint\",\"urlTemplate\":\"https:\\\/\\\/spozarow.pl\\\/?s={search_term_string}\"},\"query-input\":{\"@type\":\"PropertyValueSpecification\",\"valueRequired\":true,\"valueName\":\"search_term_string\"}}],\"inLanguage\":\"pl-PL\"},{\"@type\":\"Organization\",\"@id\":\"https:\\\/\\\/spozarow.pl\\\/#organization\",\"name\":\"Stowarzyszenie Na Rzecz Rozwoju Zespo\u0142u Szk\u00f3\u0142 w O\u017caroie im. Marii Sk\u0142odowskiej - Curie\",\"url\":\"https:\\\/\\\/spozarow.pl\\\/\",\"logo\":{\"@type\":\"ImageObject\",\"inLanguage\":\"pl-PL\",\"@id\":\"https:\\\/\\\/spozarow.pl\\\/#\\\/schema\\\/logo\\\/image\\\/\",\"url\":\"https:\\\/\\\/spozarow.pl\\\/wp-content\\\/uploads\\\/2023\\\/11\\\/logo-3.jpg\",\"contentUrl\":\"https:\\\/\\\/spozarow.pl\\\/wp-content\\\/uploads\\\/2023\\\/11\\\/logo-3.jpg\",\"width\":1872,\"height\":205,\"caption\":\"Stowarzyszenie Na Rzecz Rozwoju Zespo\u0142u Szk\u00f3\u0142 w O\u017caroie im. Marii Sk\u0142odowskiej - Curie\"},\"image\":{\"@id\":\"https:\\\/\\\/spozarow.pl\\\/#\\\/schema\\\/logo\\\/image\\\/\"}}]}<\/script>\n<!-- \/ Yoast SEO plugin. -->","yoast_head_json":{"title":"Realizowane Projekty - Stowarzyszenie Na Rzecz Rozwoju Zespo\u0142u Szk\u00f3\u0142 w O\u017carowie im. Marii Sk\u0142odowskiej \u2013 Curie","robots":{"index":"index","follow":"follow","max-snippet":"max-snippet:-1","max-image-preview":"max-image-preview:large","max-video-preview":"max-video-preview:-1"},"canonical":"https:\/\/spozarow.pl\/?page_id=3114","og_locale":"pl_PL","og_type":"article","og_title":"Realizowane Projekty - Stowarzyszenie Na Rzecz Rozwoju Zespo\u0142u Szk\u00f3\u0142 w O\u017carowie im. Marii Sk\u0142odowskiej \u2013 Curie","og_url":"https:\/\/spozarow.pl\/?page_id=3114","og_site_name":"Stowarzyszenie Na Rzecz Rozwoju Zespo\u0142u Szk\u00f3\u0142 w O\u017carowie im. Marii Sk\u0142odowskiej \u2013 Curie","article_modified_time":"2024-09-23T17:11:00+00:00","twitter_card":"summary_large_image","schema":{"@context":"https:\/\/schema.org","@graph":[{"@type":"WebPage","@id":"https:\/\/spozarow.pl\/?page_id=3114","url":"https:\/\/spozarow.pl\/?page_id=3114","name":"Realizowane Projekty - Stowarzyszenie Na Rzecz Rozwoju Zespo\u0142u Szk\u00f3\u0142 w O\u017carowie im. Marii Sk\u0142odowskiej \u2013 Curie","isPartOf":{"@id":"https:\/\/spozarow.pl\/#website"},"datePublished":"2024-09-23T17:10:04+00:00","dateModified":"2024-09-23T17:11:00+00:00","breadcrumb":{"@id":"https:\/\/spozarow.pl\/?page_id=3114#breadcrumb"},"inLanguage":"pl-PL","potentialAction":[{"@type":"ReadAction","target":["https:\/\/spozarow.pl\/?page_id=3114"]}]},{"@type":"BreadcrumbList","@id":"https:\/\/spozarow.pl\/?page_id=3114#breadcrumb","itemListElement":[{"@type":"ListItem","position":1,"name":"G\u0142\u00f3wna","item":"https:\/\/spozarow.pl\/"},{"@type":"ListItem","position":2,"name":"Realizowane Projekty"}]},{"@type":"WebSite","@id":"https:\/\/spozarow.pl\/#website","url":"https:\/\/spozarow.pl\/","name":"Stowarzyszenie Na Rzecz Rozwoju Zespo\u0142u Szk\u00f3\u0142 w O\u017caroie im. Marii Sk\u0142odowskiej - Curie","description":"","publisher":{"@id":"https:\/\/spozarow.pl\/#organization"},"potentialAction":[{"@type":"SearchAction","target":{"@type":"EntryPoint","urlTemplate":"https:\/\/spozarow.pl\/?s={search_term_string}"},"query-input":{"@type":"PropertyValueSpecification","valueRequired":true,"valueName":"search_term_string"}}],"inLanguage":"pl-PL"},{"@type":"Organization","@id":"https:\/\/spozarow.pl\/#organization","name":"Stowarzyszenie Na Rzecz Rozwoju Zespo\u0142u Szk\u00f3\u0142 w O\u017caroie im. Marii Sk\u0142odowskiej - Curie","url":"https:\/\/spozarow.pl\/","logo":{"@type":"ImageObject","inLanguage":"pl-PL","@id":"https:\/\/spozarow.pl\/#\/schema\/logo\/image\/","url":"https:\/\/spozarow.pl\/wp-content\/uploads\/2023\/11\/logo-3.jpg","contentUrl":"https:\/\/spozarow.pl\/wp-content\/uploads\/2023\/11\/logo-3.jpg","width":1872,"height":205,"caption":"Stowarzyszenie Na Rzecz Rozwoju Zespo\u0142u Szk\u00f3\u0142 w O\u017caroie im. Marii Sk\u0142odowskiej - Curie"},"image":{"@id":"https:\/\/spozarow.pl\/#\/schema\/logo\/image\/"}}]}},"_links":{"self":[{"href":"https:\/\/spozarow.pl\/index.php?rest_route=\/wp\/v2\/pages\/3114","targetHints":{"allow":["GET"]}}],"collection":[{"href":"https:\/\/spozarow.pl\/index.php?rest_route=\/wp\/v2\/pages"}],"about":[{"href":"https:\/\/spozarow.pl\/index.php?rest_route=\/wp\/v2\/types\/page"}],"author":[{"embeddable":true,"href":"https:\/\/spozarow.pl\/index.php?rest_route=\/wp\/v2\/users\/2"}],"replies":[{"embeddable":true,"href":"https:\/\/spozarow.pl\/index.php?rest_route=%2Fwp%2Fv2%2Fcomments&post=3114"}],"version-history":[{"count":3,"href":"https:\/\/spozarow.pl\/index.php?rest_route=\/wp\/v2\/pages\/3114\/revisions"}],"predecessor-version":[{"id":3118,"href":"https:\/\/spozarow.pl\/index.php?rest_route=\/wp\/v2\/pages\/3114\/revisions\/3118"}],"wp:attachment":[{"href":"https:\/\/spozarow.pl\/index.php?rest_route=%2Fwp%2Fv2%2Fmedia&parent=3114"}],"curies":[{"name":"wp","href":"https:\/\/api.w.org\/{rel}","templated":true}]}}