{"id":3079,"date":"2024-09-22T09:29:26","date_gmt":"2024-09-22T07:29:26","guid":{"rendered":"https:\/\/spozarow.pl\/?page_id=3079"},"modified":"2024-09-23T19:09:05","modified_gmt":"2024-09-23T17:09:05","slug":"realizowane-projekty-2","status":"publish","type":"page","link":"https:\/\/spozarow.pl\/?page_id=3079","title":{"rendered":"Przedszkole Jak Z Bajki"},"content":{"rendered":"\t\t<div data-elementor-type=\"wp-page\" data-elementor-id=\"3079\" class=\"elementor elementor-3079\">\n\t\t\t\t<div class=\"elementor-element elementor-element-419ce27 e-flex e-con-boxed e-con e-parent\" data-id=\"419ce27\" data-element_type=\"container\" data-e-type=\"container\">\n\t\t\t\t\t<div class=\"e-con-inner\">\n\t\t\t\t<div class=\"elementor-element elementor-element-87e81f2 elementor-widget elementor-widget-heading\" data-id=\"87e81f2\" data-element_type=\"widget\" data-e-type=\"widget\" data-widget_type=\"heading.default\">\n\t\t\t\t<div class=\"elementor-widget-container\">\n\t\t\t\t\t<h2 class=\"elementor-heading-title elementor-size-default\">\u201ePRZEDSZKOLE JAK Z BAJKI \u2013 kompleksowy program podniesienia jako\u015bci edukacji przedszkolnej w Przedszkolu <br> \u201eU Sk\u0142odowskiej\u201d w O\u017carowie\u201d<\/h2>\t\t\t\t<\/div>\n\t\t\t\t<\/div>\n\t\t\t\t\t<\/div>\n\t\t\t\t<\/div>\n\t\t<div class=\"elementor-element elementor-element-1200ed2 e-flex e-con-boxed e-con e-parent\" data-id=\"1200ed2\" data-element_type=\"container\" data-e-type=\"container\">\n\t\t\t\t\t<div class=\"e-con-inner\">\n\t\t\t\t<div class=\"elementor-element elementor-element-e4a3a51 elementor-widget elementor-widget-text-editor\" data-id=\"e4a3a51\" data-element_type=\"widget\" data-e-type=\"widget\" data-widget_type=\"text-editor.default\">\n\t\t\t\t<div class=\"elementor-widget-container\">\n\t\t\t\t\t\t\t\t\t<p>Pragniemy poinformowa\u0107 i\u017c nasze Przedszkole ,,u Sk\u0142odowskiej\u201d w O\u017carowie, kt\u00f3rego organem prowadz\u0105cym jest Stowarzyszenie na Rzecz Rozwoju Zespo\u0142u Szk\u00f3\u0142 w O\u017carowie im. Marii Sk\u0142odowskiej- Curie realizuje projekt: ,,Przedszkole jak z bajki\u201d- kompleksowy program podniesienia jako\u015bci edukacji przedszkolnej w Przedszkolu ,,u Sk\u0142odowskiej\u201d w O\u017carowie.<\/p><p>Projekt skierowany jest do dzieci w wieku przedszkolnym oraz nauczycieli.<\/p><p>Celem g\u0142\u00f3wnym projektu jest: podniesienie jako\u015bci i unowocze\u015bnienie edukacji w Przedszkolu ,,u Sk\u0142odowskiej w O\u017carowie\u201d w okresie V 2024r. &#8211; IV 2026r., wzrost szans edukacyjnych w tym ze specjalnymi potrzebami edukacyjnymi, podniesienie kompetencji lub kwalifikacji nauczycieli, wyposa\u017cenie w sprz\u0119t i pomoce dydaktyczne do realizacji zaj\u0119\u0107 dodatkowych w ramach projektu w tym do pracy z dzie\u0107mi ze specjalnymi potrzebami edukacyjnymi oraz doposa\u017cenie plac\u00f3wki w sprz\u0119t dostosowany do potrzeb dzieci z niepe\u0142nosprawno\u015bciami i prowadzenia zaj\u0119\u0107 indywidualnych.<\/p><p>W ramach projektu realizowane b\u0119d\u0105 nast\u0119puj\u0105ce zadania:<\/p><ul><li>Doposa\u017cenie plac\u00f3wki w kabin\u0119 akustyczn\u0105 do realizacji zaj\u0119\u0107 indywidualnych oraz schodo\u0142az s\u0142u\u017c\u0105cy osobom z niepe\u0142nosprawno\u015bciami<\/li><li>Doposa\u017cenie plac\u00f3wki w sprz\u0119t i pomoce dydaktyczne do realizacji zaj\u0119\u0107 dodatkowych<\/li><li>Doskonalenie zawodowe nauczycieli<\/li><li>Zaj\u0119cia dodatkowe dla dzieci w zakresie umiej\u0119tno\u015bci podstawowych i przekrojowych<\/li><li>Zaj\u0119cia wyr\u00f3wnuj\u0105ce szanse edukacyjne dzieci w zakresie stwierdzonych deficyt\u00f3w w tym wsparcie edukacji w\u0142\u0105czaj\u0105cej<\/li><\/ul><p>Ca\u0142kowita warto\u015b\u0107 projektu wynosi: 735\u00a0320,38 z\u0142<\/p><p>Dofinansowanie projektu z UE wynosi: 625\u00a0022,32 z\u0142<\/p>\t\t\t\t\t\t\t\t<\/div>\n\t\t\t\t<\/div>\n\t\t\t\t\t<\/div>\n\t\t\t\t<\/div>\n\t\t<div class=\"elementor-element elementor-element-6c9cab7 e-flex e-con-boxed e-con e-parent\" data-id=\"6c9cab7\" data-element_type=\"container\" data-e-type=\"container\">\n\t\t\t\t\t<div class=\"e-con-inner\">\n\t\t\t\t<div class=\"elementor-element elementor-element-b3ce9ef elementor-widget elementor-widget-text-editor\" data-id=\"b3ce9ef\" data-element_type=\"widget\" data-e-type=\"widget\" data-widget_type=\"text-editor.default\">\n\t\t\t\t<div class=\"elementor-widget-container\">\n\t\t\t\t\t\t\t\t\t<p><a href=\"https:\/\/spozarow.pl\/wp-content\/uploads\/2024\/09\/REGULAMIN-REKRUTACJI-I-UCZESTNICTWA-w-projekcie-na-strone.docx\"><strong>REGULAMIN REKRUTACJI\u00a0 I UCZESTNICTWA w projekcie pt.: <\/strong><strong>\u201ePRZEDSZKOLE JAK Z BAJKI \u2013 kompleksowy program podniesienia jako\u015bci edukacji przedszkolnej w Przedszkolu \u201eU Sk\u0142odowskiej\u201d w O\u017carowie\u201d\u00a0<\/strong><strong>Nr FESW.08.01-IZ.00-0143\/23<\/strong><\/a><\/p>\t\t\t\t\t\t\t\t<\/div>\n\t\t\t\t<\/div>\n\t\t\t\t\t<\/div>\n\t\t\t\t<\/div>\n\t\t<div class=\"elementor-element elementor-element-5234000 e-flex e-con-boxed e-con e-parent\" data-id=\"5234000\" data-element_type=\"container\" data-e-type=\"container\">\n\t\t\t\t\t<div class=\"e-con-inner\">\n\t\t\t\t<div class=\"elementor-element elementor-element-2511bef elementor-widget elementor-widget-image\" data-id=\"2511bef\" data-element_type=\"widget\" data-e-type=\"widget\" data-widget_type=\"image.default\">\n\t\t\t\t<div class=\"elementor-widget-container\">\n\t\t\t\t\t\t\t\t\t\t\t\t\t\t\t<img fetchpriority=\"high\" decoding=\"async\" width=\"640\" height=\"453\" src=\"https:\/\/spozarow.pl\/wp-content\/uploads\/2024\/09\/Plakat-768x543.jpg\" class=\"attachment-medium_large size-medium_large wp-image-3085\" alt=\"\" srcset=\"https:\/\/spozarow.pl\/wp-content\/uploads\/2024\/09\/Plakat-768x543.jpg 768w, https:\/\/spozarow.pl\/wp-content\/uploads\/2024\/09\/Plakat-300x212.jpg 300w, https:\/\/spozarow.pl\/wp-content\/uploads\/2024\/09\/Plakat-1024x724.jpg 1024w, https:\/\/spozarow.pl\/wp-content\/uploads\/2024\/09\/Plakat-1536x1086.jpg 1536w, https:\/\/spozarow.pl\/wp-content\/uploads\/2024\/09\/Plakat-2048x1448.jpg 2048w\" sizes=\"(max-width: 640px) 100vw, 640px\" \/>\t\t\t\t\t\t\t\t\t\t\t\t\t\t\t<\/div>\n\t\t\t\t<\/div>\n\t\t\t\t\t<\/div>\n\t\t\t\t<\/div>\n\t\t\t\t<\/div>\n\t\t","protected":false},"excerpt":{"rendered":"<p>\u201ePRZEDSZKOLE JAK Z BAJKI \u2013 kompleksowy program podniesienia jako\u015bci edukacji przedszkolnej w Przedszkolu \u201eU Sk\u0142odowskiej\u201d w O\u017carowie\u201d Pragniemy poinformowa\u0107 i\u017c nasze Przedszkole ,,u Sk\u0142odowskiej\u201d w O\u017carowie, kt\u00f3rego organem prowadz\u0105cym jest Stowarzyszenie na Rzecz Rozwoju Zespo\u0142u Szk\u00f3\u0142 w O\u017carowie im. Marii Sk\u0142odowskiej- Curie realizuje projekt: ,,Przedszkole jak z bajki\u201d- kompleksowy program&hellip;<\/p>\n","protected":false},"author":2,"featured_media":0,"parent":0,"menu_order":0,"comment_status":"closed","ping_status":"closed","template":"","meta":{"footnotes":""},"class_list":["post-3079","page","type-page","status-publish","hentry"],"yoast_head":"<!-- This site is optimized with the Yoast SEO plugin v27.4 - https:\/\/yoast.com\/product\/yoast-seo-wordpress\/ -->\n<title>Przedszkole Jak Z Bajki - Stowarzyszenie Na Rzecz Rozwoju Zespo\u0142u Szk\u00f3\u0142 w O\u017carowie im. Marii Sk\u0142odowskiej \u2013 Curie<\/title>\n<meta name=\"robots\" content=\"index, follow, max-snippet:-1, max-image-preview:large, max-video-preview:-1\" \/>\n<link rel=\"canonical\" href=\"https:\/\/spozarow.pl\/?page_id=3079\" \/>\n<meta property=\"og:locale\" content=\"pl_PL\" \/>\n<meta property=\"og:type\" content=\"article\" \/>\n<meta property=\"og:title\" content=\"Przedszkole Jak Z Bajki - Stowarzyszenie Na Rzecz Rozwoju Zespo\u0142u Szk\u00f3\u0142 w O\u017carowie im. Marii Sk\u0142odowskiej \u2013 Curie\" \/>\n<meta property=\"og:description\" content=\"\u201ePRZEDSZKOLE JAK Z BAJKI \u2013 kompleksowy program podniesienia jako\u015bci edukacji przedszkolnej w Przedszkolu \u201eU Sk\u0142odowskiej\u201d w O\u017carowie\u201d Pragniemy poinformowa\u0107 i\u017c nasze Przedszkole ,,u Sk\u0142odowskiej\u201d w O\u017carowie, kt\u00f3rego organem prowadz\u0105cym jest Stowarzyszenie na Rzecz Rozwoju Zespo\u0142u Szk\u00f3\u0142 w O\u017carowie im. Marii Sk\u0142odowskiej- Curie realizuje projekt: ,,Przedszkole jak z bajki\u201d- kompleksowy program&hellip;\" \/>\n<meta property=\"og:url\" content=\"https:\/\/spozarow.pl\/?page_id=3079\" \/>\n<meta property=\"og:site_name\" content=\"Stowarzyszenie Na Rzecz Rozwoju Zespo\u0142u Szk\u00f3\u0142 w O\u017carowie im. Marii Sk\u0142odowskiej \u2013 Curie\" \/>\n<meta property=\"article:modified_time\" content=\"2024-09-23T17:09:05+00:00\" \/>\n<meta property=\"og:image\" content=\"https:\/\/spozarow.pl\/wp-content\/uploads\/2024\/09\/Plakat-768x543.jpg\" \/>\n<meta name=\"twitter:card\" content=\"summary_large_image\" \/>\n<meta name=\"twitter:label1\" content=\"Szacowany czas czytania\" \/>\n\t<meta name=\"twitter:data1\" content=\"2 minuty\" \/>\n<script type=\"application\/ld+json\" class=\"yoast-schema-graph\">{\"@context\":\"https:\\\/\\\/schema.org\",\"@graph\":[{\"@type\":\"WebPage\",\"@id\":\"https:\\\/\\\/spozarow.pl\\\/?page_id=3079\",\"url\":\"https:\\\/\\\/spozarow.pl\\\/?page_id=3079\",\"name\":\"Przedszkole Jak Z Bajki - Stowarzyszenie Na Rzecz Rozwoju Zespo\u0142u Szk\u00f3\u0142 w O\u017carowie im. Marii Sk\u0142odowskiej \u2013 Curie\",\"isPartOf\":{\"@id\":\"https:\\\/\\\/spozarow.pl\\\/#website\"},\"primaryImageOfPage\":{\"@id\":\"https:\\\/\\\/spozarow.pl\\\/?page_id=3079#primaryimage\"},\"image\":{\"@id\":\"https:\\\/\\\/spozarow.pl\\\/?page_id=3079#primaryimage\"},\"thumbnailUrl\":\"https:\\\/\\\/spozarow.pl\\\/wp-content\\\/uploads\\\/2024\\\/09\\\/Plakat-768x543.jpg\",\"datePublished\":\"2024-09-22T07:29:26+00:00\",\"dateModified\":\"2024-09-23T17:09:05+00:00\",\"breadcrumb\":{\"@id\":\"https:\\\/\\\/spozarow.pl\\\/?page_id=3079#breadcrumb\"},\"inLanguage\":\"pl-PL\",\"potentialAction\":[{\"@type\":\"ReadAction\",\"target\":[\"https:\\\/\\\/spozarow.pl\\\/?page_id=3079\"]}]},{\"@type\":\"ImageObject\",\"inLanguage\":\"pl-PL\",\"@id\":\"https:\\\/\\\/spozarow.pl\\\/?page_id=3079#primaryimage\",\"url\":\"https:\\\/\\\/spozarow.pl\\\/wp-content\\\/uploads\\\/2024\\\/09\\\/Plakat.jpg\",\"contentUrl\":\"https:\\\/\\\/spozarow.pl\\\/wp-content\\\/uploads\\\/2024\\\/09\\\/Plakat.jpg\",\"width\":2480,\"height\":1753},{\"@type\":\"BreadcrumbList\",\"@id\":\"https:\\\/\\\/spozarow.pl\\\/?page_id=3079#breadcrumb\",\"itemListElement\":[{\"@type\":\"ListItem\",\"position\":1,\"name\":\"G\u0142\u00f3wna\",\"item\":\"https:\\\/\\\/spozarow.pl\\\/\"},{\"@type\":\"ListItem\",\"position\":2,\"name\":\"Przedszkole Jak Z Bajki\"}]},{\"@type\":\"WebSite\",\"@id\":\"https:\\\/\\\/spozarow.pl\\\/#website\",\"url\":\"https:\\\/\\\/spozarow.pl\\\/\",\"name\":\"Stowarzyszenie Na Rzecz Rozwoju Zespo\u0142u Szk\u00f3\u0142 w O\u017caroie im. Marii Sk\u0142odowskiej - Curie\",\"description\":\"\",\"publisher\":{\"@id\":\"https:\\\/\\\/spozarow.pl\\\/#organization\"},\"potentialAction\":[{\"@type\":\"SearchAction\",\"target\":{\"@type\":\"EntryPoint\",\"urlTemplate\":\"https:\\\/\\\/spozarow.pl\\\/?s={search_term_string}\"},\"query-input\":{\"@type\":\"PropertyValueSpecification\",\"valueRequired\":true,\"valueName\":\"search_term_string\"}}],\"inLanguage\":\"pl-PL\"},{\"@type\":\"Organization\",\"@id\":\"https:\\\/\\\/spozarow.pl\\\/#organization\",\"name\":\"Stowarzyszenie Na Rzecz Rozwoju Zespo\u0142u Szk\u00f3\u0142 w O\u017caroie im. Marii Sk\u0142odowskiej - Curie\",\"url\":\"https:\\\/\\\/spozarow.pl\\\/\",\"logo\":{\"@type\":\"ImageObject\",\"inLanguage\":\"pl-PL\",\"@id\":\"https:\\\/\\\/spozarow.pl\\\/#\\\/schema\\\/logo\\\/image\\\/\",\"url\":\"https:\\\/\\\/spozarow.pl\\\/wp-content\\\/uploads\\\/2023\\\/11\\\/logo-3.jpg\",\"contentUrl\":\"https:\\\/\\\/spozarow.pl\\\/wp-content\\\/uploads\\\/2023\\\/11\\\/logo-3.jpg\",\"width\":1872,\"height\":205,\"caption\":\"Stowarzyszenie Na Rzecz Rozwoju Zespo\u0142u Szk\u00f3\u0142 w O\u017caroie im. Marii Sk\u0142odowskiej - Curie\"},\"image\":{\"@id\":\"https:\\\/\\\/spozarow.pl\\\/#\\\/schema\\\/logo\\\/image\\\/\"}}]}<\/script>\n<!-- \/ Yoast SEO plugin. -->","yoast_head_json":{"title":"Przedszkole Jak Z Bajki - Stowarzyszenie Na Rzecz Rozwoju Zespo\u0142u Szk\u00f3\u0142 w O\u017carowie im. Marii Sk\u0142odowskiej \u2013 Curie","robots":{"index":"index","follow":"follow","max-snippet":"max-snippet:-1","max-image-preview":"max-image-preview:large","max-video-preview":"max-video-preview:-1"},"canonical":"https:\/\/spozarow.pl\/?page_id=3079","og_locale":"pl_PL","og_type":"article","og_title":"Przedszkole Jak Z Bajki - Stowarzyszenie Na Rzecz Rozwoju Zespo\u0142u Szk\u00f3\u0142 w O\u017carowie im. Marii Sk\u0142odowskiej \u2013 Curie","og_description":"\u201ePRZEDSZKOLE JAK Z BAJKI \u2013 kompleksowy program podniesienia jako\u015bci edukacji przedszkolnej w Przedszkolu \u201eU Sk\u0142odowskiej\u201d w O\u017carowie\u201d Pragniemy poinformowa\u0107 i\u017c nasze Przedszkole ,,u Sk\u0142odowskiej\u201d w O\u017carowie, kt\u00f3rego organem prowadz\u0105cym jest Stowarzyszenie na Rzecz Rozwoju Zespo\u0142u Szk\u00f3\u0142 w O\u017carowie im. Marii Sk\u0142odowskiej- Curie realizuje projekt: ,,Przedszkole jak z bajki\u201d- kompleksowy program&hellip;","og_url":"https:\/\/spozarow.pl\/?page_id=3079","og_site_name":"Stowarzyszenie Na Rzecz Rozwoju Zespo\u0142u Szk\u00f3\u0142 w O\u017carowie im. Marii Sk\u0142odowskiej \u2013 Curie","article_modified_time":"2024-09-23T17:09:05+00:00","og_image":[{"url":"https:\/\/spozarow.pl\/wp-content\/uploads\/2024\/09\/Plakat-768x543.jpg","type":"","width":"","height":""}],"twitter_card":"summary_large_image","twitter_misc":{"Szacowany czas czytania":"2 minuty"},"schema":{"@context":"https:\/\/schema.org","@graph":[{"@type":"WebPage","@id":"https:\/\/spozarow.pl\/?page_id=3079","url":"https:\/\/spozarow.pl\/?page_id=3079","name":"Przedszkole Jak Z Bajki - Stowarzyszenie Na Rzecz Rozwoju Zespo\u0142u Szk\u00f3\u0142 w O\u017carowie im. Marii Sk\u0142odowskiej \u2013 Curie","isPartOf":{"@id":"https:\/\/spozarow.pl\/#website"},"primaryImageOfPage":{"@id":"https:\/\/spozarow.pl\/?page_id=3079#primaryimage"},"image":{"@id":"https:\/\/spozarow.pl\/?page_id=3079#primaryimage"},"thumbnailUrl":"https:\/\/spozarow.pl\/wp-content\/uploads\/2024\/09\/Plakat-768x543.jpg","datePublished":"2024-09-22T07:29:26+00:00","dateModified":"2024-09-23T17:09:05+00:00","breadcrumb":{"@id":"https:\/\/spozarow.pl\/?page_id=3079#breadcrumb"},"inLanguage":"pl-PL","potentialAction":[{"@type":"ReadAction","target":["https:\/\/spozarow.pl\/?page_id=3079"]}]},{"@type":"ImageObject","inLanguage":"pl-PL","@id":"https:\/\/spozarow.pl\/?page_id=3079#primaryimage","url":"https:\/\/spozarow.pl\/wp-content\/uploads\/2024\/09\/Plakat.jpg","contentUrl":"https:\/\/spozarow.pl\/wp-content\/uploads\/2024\/09\/Plakat.jpg","width":2480,"height":1753},{"@type":"BreadcrumbList","@id":"https:\/\/spozarow.pl\/?page_id=3079#breadcrumb","itemListElement":[{"@type":"ListItem","position":1,"name":"G\u0142\u00f3wna","item":"https:\/\/spozarow.pl\/"},{"@type":"ListItem","position":2,"name":"Przedszkole Jak Z Bajki"}]},{"@type":"WebSite","@id":"https:\/\/spozarow.pl\/#website","url":"https:\/\/spozarow.pl\/","name":"Stowarzyszenie Na Rzecz Rozwoju Zespo\u0142u Szk\u00f3\u0142 w O\u017caroie im. Marii Sk\u0142odowskiej - Curie","description":"","publisher":{"@id":"https:\/\/spozarow.pl\/#organization"},"potentialAction":[{"@type":"SearchAction","target":{"@type":"EntryPoint","urlTemplate":"https:\/\/spozarow.pl\/?s={search_term_string}"},"query-input":{"@type":"PropertyValueSpecification","valueRequired":true,"valueName":"search_term_string"}}],"inLanguage":"pl-PL"},{"@type":"Organization","@id":"https:\/\/spozarow.pl\/#organization","name":"Stowarzyszenie Na Rzecz Rozwoju Zespo\u0142u Szk\u00f3\u0142 w O\u017caroie im. Marii Sk\u0142odowskiej - Curie","url":"https:\/\/spozarow.pl\/","logo":{"@type":"ImageObject","inLanguage":"pl-PL","@id":"https:\/\/spozarow.pl\/#\/schema\/logo\/image\/","url":"https:\/\/spozarow.pl\/wp-content\/uploads\/2023\/11\/logo-3.jpg","contentUrl":"https:\/\/spozarow.pl\/wp-content\/uploads\/2023\/11\/logo-3.jpg","width":1872,"height":205,"caption":"Stowarzyszenie Na Rzecz Rozwoju Zespo\u0142u Szk\u00f3\u0142 w O\u017caroie im. Marii Sk\u0142odowskiej - Curie"},"image":{"@id":"https:\/\/spozarow.pl\/#\/schema\/logo\/image\/"}}]}},"_links":{"self":[{"href":"https:\/\/spozarow.pl\/index.php?rest_route=\/wp\/v2\/pages\/3079","targetHints":{"allow":["GET"]}}],"collection":[{"href":"https:\/\/spozarow.pl\/index.php?rest_route=\/wp\/v2\/pages"}],"about":[{"href":"https:\/\/spozarow.pl\/index.php?rest_route=\/wp\/v2\/types\/page"}],"author":[{"embeddable":true,"href":"https:\/\/spozarow.pl\/index.php?rest_route=\/wp\/v2\/users\/2"}],"replies":[{"embeddable":true,"href":"https:\/\/spozarow.pl\/index.php?rest_route=%2Fwp%2Fv2%2Fcomments&post=3079"}],"version-history":[{"count":11,"href":"https:\/\/spozarow.pl\/index.php?rest_route=\/wp\/v2\/pages\/3079\/revisions"}],"predecessor-version":[{"id":3113,"href":"https:\/\/spozarow.pl\/index.php?rest_route=\/wp\/v2\/pages\/3079\/revisions\/3113"}],"wp:attachment":[{"href":"https:\/\/spozarow.pl\/index.php?rest_route=%2Fwp%2Fv2%2Fmedia&parent=3079"}],"curies":[{"name":"wp","href":"https:\/\/api.w.org\/{rel}","templated":true}]}}