{"id":2272,"date":"2023-12-05T08:10:23","date_gmt":"2023-12-05T07:10:23","guid":{"rendered":"https:\/\/spozarow.pl\/?page_id=2272"},"modified":"2024-05-07T08:50:09","modified_gmt":"2024-05-07T06:50:09","slug":"dla-ucznia","status":"publish","type":"page","link":"https:\/\/spozarow.pl\/?page_id=2272","title":{"rendered":"Dla ucznia"},"content":{"rendered":"<figure><a href=\"https:\/\/www.ang.pl\/\" tabindex=\"-1\"><img decoding=\"async\" width=\"200\" height=\"79\" src=\"https:\/\/spozarow.pl\/wp-content\/uploads\/2023\/12\/angielski.png\" alt=\"\" \/><\/a><\/figure>\n<p><a href=\"https:\/\/www.ang.pl\/\">Szlifuj sw\u00f3j angielski<\/a><\/p>\n<p>Nauka angielskiego &#8211; gramatyka, s\u0142ownictwo, \u0107wiczenia, lekcje.<\/p>\n<figure><a href=\"https:\/\/engly.pl\/\" tabindex=\"-1\"><img fetchpriority=\"high\" decoding=\"async\" width=\"1306\" height=\"566\" src=\"https:\/\/spozarow.pl\/wp-content\/uploads\/2023\/12\/engly.png\" alt=\"\" \/><\/a><\/figure>\n<p><a href=\"https:\/\/engly.pl\/\">Platforma do nauki j\u0119zyka angielskiego<\/a><\/p>\n<p>WItaj na platformie do bezp\u0142atnej nauki j\u0119zyka angielskiego.<\/p>\n<figure><a href=\"https:\/\/zpe.gov.pl\/\" tabindex=\"-1\"><img decoding=\"async\" width=\"197\" height=\"53\" src=\"https:\/\/spozarow.pl\/wp-content\/uploads\/2023\/12\/e-podreczniki-e1584479799169.jpg\" alt=\"\" \/><\/a><\/figure>\n<p><a href=\"https:\/\/zpe.gov.pl\/\">Zintegrowana Platforma Edukacyjna<\/a><\/p>\n<p>Edukacja w zasi\u0119gu r\u0119ki.<br \/>\nZnajd\u017a e-materia\u0142y do nauki w szkole i w domu.<\/p>\n<figure><a href=\"https:\/\/lektury.gov.pl\/\" tabindex=\"-1\"><img loading=\"lazy\" decoding=\"async\" width=\"184\" height=\"88\" src=\"https:\/\/spozarow.pl\/wp-content\/uploads\/2023\/12\/lektury.gov_.jpg\" alt=\"\" \/><\/a><\/figure>\n<p><a href=\"https:\/\/lektury.gov.pl\/\">Bezp\u0142atne lektury<\/a><\/p>\n<p>\nLektury<br \/>\nkt\u00f3re mo\u017cesz mie\u0107 zawsze przy sobie.<\/p>\n<figure><a href=\"https:\/\/www.matzoo.pl\/\" tabindex=\"-1\"><img loading=\"lazy\" decoding=\"async\" width=\"150\" height=\"82\" src=\"https:\/\/spozarow.pl\/wp-content\/uploads\/2023\/12\/matzoo-e1584478638840.jpg\" alt=\"\" \/><\/a><\/figure>\n<p><a href=\"https:\/\/www.matzoo.pl\/\">Matematyczne ZOO<\/a><\/p>\n<p>Fundacja Rozwoju Edukacji Matematycznej udost\u0119pnia zasoby do nauki matematyki w Szkole Podstawowej.<\/p>\n<figure><a href=\"https:\/\/www.dyktanda.net\/\" tabindex=\"-1\"><img loading=\"lazy\" decoding=\"async\" width=\"318\" height=\"93\" src=\"https:\/\/spozarow.pl\/wp-content\/uploads\/2023\/12\/dyktanda-net.png\" alt=\"\" \/><\/a><\/figure>\n<p><a href=\"https:\/\/www.dyktanda.net\/\">Dyktanda online<\/a><\/p>\n<p>Rozwi\u0105zuj darmowe dyktanda i \u0107wicz z nami ortografi\u0119.<\/p>\n<figure><a href=\"https:\/\/www.math.edu.pl\/testy-matematyczne\" tabindex=\"-1\"><img loading=\"lazy\" decoding=\"async\" width=\"150\" height=\"28\" src=\"https:\/\/spozarow.pl\/wp-content\/uploads\/2023\/12\/math-edu-e1584478681462.png\" alt=\"\" \/><\/a><\/figure>\n<p><a href=\"https:\/\/www.math.edu.pl\/testy-matematyczne\">Testy matematyczne<\/a><\/p>\n<p>Poni\u017cej zbi\u00f3r test\u00f3w i \u0107wicze\u0144 pozwalaj\u0105cych sprawdzi\u0107 umiej\u0119tno\u015bci z danego zagadnienia.<\/p>\n<figure><a href=\"https:\/\/pistacja.tv\/\" tabindex=\"-1\"><img loading=\"lazy\" decoding=\"async\" width=\"150\" height=\"61\" src=\"https:\/\/spozarow.pl\/wp-content\/uploads\/2023\/12\/pi-stacja-e1584478621221.jpg\" alt=\"\" \/><\/a><\/figure>\n<p><a href=\"https:\/\/pistacja.tv\/\">Videolekcje z przedmiot\u00f3w<\/a><\/p>\n<p>Darmowe videolekcje z biologii, fizyki i matematyki.<\/p>\n<figure><a href=\"https:\/\/pisupisu.pl\/\" tabindex=\"-1\"><img loading=\"lazy\" decoding=\"async\" width=\"267\" height=\"72\" src=\"https:\/\/spozarow.pl\/wp-content\/uploads\/2023\/12\/pisu-pisu.png\" alt=\"\" \/><\/a><\/figure>\n<p><a href=\"https:\/\/pisupisu.pl\/\">Portal z grami edukacyjnymi<\/a><\/p>\n<p>Gry edukacyjne online, ortografia na weso\u0142o.<\/p>\n<figure><a href=\"https:\/\/wolnelektury.pl\/\" tabindex=\"-1\"><img loading=\"lazy\" decoding=\"async\" width=\"150\" height=\"82\" src=\"https:\/\/spozarow.pl\/wp-content\/uploads\/2023\/12\/wolne-lektury-e1584560071434.jpg\" alt=\"\" \/><\/a><\/figure>\n<p><a href=\"https:\/\/wolnelektury.pl\/\">Wolne lektury<\/a><\/p>\n<p>Portal z ebookami i lakturami w formacie pdf. Czytaj do woli.<\/p>\n<figure><a href=\"https:\/\/sieciaki.pl\/\" tabindex=\"-1\"><img loading=\"lazy\" decoding=\"async\" width=\"217\" height=\"71\" src=\"https:\/\/spozarow.pl\/wp-content\/uploads\/2023\/12\/sieciaki.jpg\" alt=\"\" \/><\/a><\/figure>\n<p><a href=\"https:\/\/sieciaki.pl\/\">Sieciaki.pl<\/a><\/p>\n<p>Poznaj bezpieczny internet i do\u0142\u0105cz do dru\u017cyny sieciak\u00f3w. Dla Dzieci. Dla Nauczycieli. Dla Rodzic\u00f3w.<\/p>\n<figure><a href=\"https:\/\/przystanekhistoria.pl\/\" tabindex=\"-1\"><img loading=\"lazy\" decoding=\"async\" width=\"159\" height=\"92\" src=\"https:\/\/spozarow.pl\/wp-content\/uploads\/2023\/12\/przystanek-historia.png\" alt=\"\" \/><\/a><\/figure>\n<p><a href=\"https:\/\/przystanekhistoria.pl\/\">Z histori\u0105 za pan brat&#8230;<\/a><\/p>\n<p>Wirtualna podr\u00f3\u017c w nieznan\u0105 histori\u0119 Polski XX wieku. Ksi\u0105\u017cki, nagrania, zdj\u0119cia&#8230;<\/p>\n","protected":false},"excerpt":{"rendered":"<p>Szlifuj sw\u00f3j angielski Nauka angielskiego &#8211; gramatyka, s\u0142ownictwo, \u0107wiczenia, lekcje. Platforma do nauki j\u0119zyka angielskiego WItaj na platformie do bezp\u0142atnej nauki j\u0119zyka angielskiego. Zintegrowana Platforma Edukacyjna Edukacja w zasi\u0119gu r\u0119ki. Znajd\u017a e-materia\u0142y do nauki w szkole i w domu. Bezp\u0142atne lektury Lektury kt\u00f3re mo\u017cesz mie\u0107 zawsze przy sobie. Matematyczne ZOO&hellip;<\/p>\n","protected":false},"author":1,"featured_media":0,"parent":0,"menu_order":0,"comment_status":"closed","ping_status":"closed","template":"","meta":{"footnotes":""},"class_list":["post-2272","page","type-page","status-publish","hentry"],"yoast_head":"<!-- This site is optimized with the Yoast SEO plugin v27.4 - https:\/\/yoast.com\/product\/yoast-seo-wordpress\/ -->\n<title>Dla ucznia - Stowarzyszenie Na Rzecz Rozwoju Zespo\u0142u Szk\u00f3\u0142 w O\u017carowie im. Marii Sk\u0142odowskiej \u2013 Curie<\/title>\n<meta name=\"robots\" content=\"index, follow, max-snippet:-1, max-image-preview:large, max-video-preview:-1\" \/>\n<link rel=\"canonical\" href=\"https:\/\/spozarow.pl\/?page_id=2272\" \/>\n<meta property=\"og:locale\" content=\"pl_PL\" \/>\n<meta property=\"og:type\" content=\"article\" \/>\n<meta property=\"og:title\" content=\"Dla ucznia - Stowarzyszenie Na Rzecz Rozwoju Zespo\u0142u Szk\u00f3\u0142 w O\u017carowie im. Marii Sk\u0142odowskiej \u2013 Curie\" \/>\n<meta property=\"og:description\" content=\"Szlifuj sw\u00f3j angielski Nauka angielskiego &#8211; gramatyka, s\u0142ownictwo, \u0107wiczenia, lekcje. Platforma do nauki j\u0119zyka angielskiego WItaj na platformie do bezp\u0142atnej nauki j\u0119zyka angielskiego. Zintegrowana Platforma Edukacyjna Edukacja w zasi\u0119gu r\u0119ki. Znajd\u017a e-materia\u0142y do nauki w szkole i w domu. Bezp\u0142atne lektury Lektury kt\u00f3re mo\u017cesz mie\u0107 zawsze przy sobie. Matematyczne ZOO&hellip;\" \/>\n<meta property=\"og:url\" content=\"https:\/\/spozarow.pl\/?page_id=2272\" \/>\n<meta property=\"og:site_name\" content=\"Stowarzyszenie Na Rzecz Rozwoju Zespo\u0142u Szk\u00f3\u0142 w O\u017carowie im. Marii Sk\u0142odowskiej \u2013 Curie\" \/>\n<meta property=\"article:modified_time\" content=\"2024-05-07T06:50:09+00:00\" \/>\n<meta property=\"og:image\" content=\"https:\/\/spozarow.pl\/wp-content\/uploads\/2023\/12\/angielski.png\" \/>\n<meta name=\"twitter:card\" content=\"summary_large_image\" \/>\n<meta name=\"twitter:label1\" content=\"Szacowany czas czytania\" \/>\n\t<meta name=\"twitter:data1\" content=\"4 minuty\" \/>\n<script type=\"application\/ld+json\" class=\"yoast-schema-graph\">{\"@context\":\"https:\\\/\\\/schema.org\",\"@graph\":[{\"@type\":\"WebPage\",\"@id\":\"https:\\\/\\\/spozarow.pl\\\/?page_id=2272\",\"url\":\"https:\\\/\\\/spozarow.pl\\\/?page_id=2272\",\"name\":\"Dla ucznia - Stowarzyszenie Na Rzecz Rozwoju Zespo\u0142u Szk\u00f3\u0142 w O\u017carowie im. Marii Sk\u0142odowskiej \u2013 Curie\",\"isPartOf\":{\"@id\":\"https:\\\/\\\/spozarow.pl\\\/#website\"},\"primaryImageOfPage\":{\"@id\":\"https:\\\/\\\/spozarow.pl\\\/?page_id=2272#primaryimage\"},\"image\":{\"@id\":\"https:\\\/\\\/spozarow.pl\\\/?page_id=2272#primaryimage\"},\"thumbnailUrl\":\"https:\\\/\\\/spozarow.pl\\\/wp-content\\\/uploads\\\/2023\\\/12\\\/angielski.png\",\"datePublished\":\"2023-12-05T07:10:23+00:00\",\"dateModified\":\"2024-05-07T06:50:09+00:00\",\"breadcrumb\":{\"@id\":\"https:\\\/\\\/spozarow.pl\\\/?page_id=2272#breadcrumb\"},\"inLanguage\":\"pl-PL\",\"potentialAction\":[{\"@type\":\"ReadAction\",\"target\":[\"https:\\\/\\\/spozarow.pl\\\/?page_id=2272\"]}]},{\"@type\":\"ImageObject\",\"inLanguage\":\"pl-PL\",\"@id\":\"https:\\\/\\\/spozarow.pl\\\/?page_id=2272#primaryimage\",\"url\":\"https:\\\/\\\/spozarow.pl\\\/wp-content\\\/uploads\\\/2023\\\/12\\\/angielski.png\",\"contentUrl\":\"https:\\\/\\\/spozarow.pl\\\/wp-content\\\/uploads\\\/2023\\\/12\\\/angielski.png\",\"width\":200,\"height\":79},{\"@type\":\"BreadcrumbList\",\"@id\":\"https:\\\/\\\/spozarow.pl\\\/?page_id=2272#breadcrumb\",\"itemListElement\":[{\"@type\":\"ListItem\",\"position\":1,\"name\":\"G\u0142\u00f3wna\",\"item\":\"https:\\\/\\\/spozarow.pl\\\/\"},{\"@type\":\"ListItem\",\"position\":2,\"name\":\"Dla ucznia\"}]},{\"@type\":\"WebSite\",\"@id\":\"https:\\\/\\\/spozarow.pl\\\/#website\",\"url\":\"https:\\\/\\\/spozarow.pl\\\/\",\"name\":\"Stowarzyszenie Na Rzecz Rozwoju Zespo\u0142u Szk\u00f3\u0142 w O\u017caroie im. Marii Sk\u0142odowskiej - Curie\",\"description\":\"\",\"publisher\":{\"@id\":\"https:\\\/\\\/spozarow.pl\\\/#organization\"},\"potentialAction\":[{\"@type\":\"SearchAction\",\"target\":{\"@type\":\"EntryPoint\",\"urlTemplate\":\"https:\\\/\\\/spozarow.pl\\\/?s={search_term_string}\"},\"query-input\":{\"@type\":\"PropertyValueSpecification\",\"valueRequired\":true,\"valueName\":\"search_term_string\"}}],\"inLanguage\":\"pl-PL\"},{\"@type\":\"Organization\",\"@id\":\"https:\\\/\\\/spozarow.pl\\\/#organization\",\"name\":\"Stowarzyszenie Na Rzecz Rozwoju Zespo\u0142u Szk\u00f3\u0142 w O\u017caroie im. Marii Sk\u0142odowskiej - Curie\",\"url\":\"https:\\\/\\\/spozarow.pl\\\/\",\"logo\":{\"@type\":\"ImageObject\",\"inLanguage\":\"pl-PL\",\"@id\":\"https:\\\/\\\/spozarow.pl\\\/#\\\/schema\\\/logo\\\/image\\\/\",\"url\":\"https:\\\/\\\/spozarow.pl\\\/wp-content\\\/uploads\\\/2023\\\/11\\\/logo-3.jpg\",\"contentUrl\":\"https:\\\/\\\/spozarow.pl\\\/wp-content\\\/uploads\\\/2023\\\/11\\\/logo-3.jpg\",\"width\":1872,\"height\":205,\"caption\":\"Stowarzyszenie Na Rzecz Rozwoju Zespo\u0142u Szk\u00f3\u0142 w O\u017caroie im. Marii Sk\u0142odowskiej - Curie\"},\"image\":{\"@id\":\"https:\\\/\\\/spozarow.pl\\\/#\\\/schema\\\/logo\\\/image\\\/\"}}]}<\/script>\n<!-- \/ Yoast SEO plugin. -->","yoast_head_json":{"title":"Dla ucznia - Stowarzyszenie Na Rzecz Rozwoju Zespo\u0142u Szk\u00f3\u0142 w O\u017carowie im. Marii Sk\u0142odowskiej \u2013 Curie","robots":{"index":"index","follow":"follow","max-snippet":"max-snippet:-1","max-image-preview":"max-image-preview:large","max-video-preview":"max-video-preview:-1"},"canonical":"https:\/\/spozarow.pl\/?page_id=2272","og_locale":"pl_PL","og_type":"article","og_title":"Dla ucznia - Stowarzyszenie Na Rzecz Rozwoju Zespo\u0142u Szk\u00f3\u0142 w O\u017carowie im. Marii Sk\u0142odowskiej \u2013 Curie","og_description":"Szlifuj sw\u00f3j angielski Nauka angielskiego &#8211; gramatyka, s\u0142ownictwo, \u0107wiczenia, lekcje. Platforma do nauki j\u0119zyka angielskiego WItaj na platformie do bezp\u0142atnej nauki j\u0119zyka angielskiego. Zintegrowana Platforma Edukacyjna Edukacja w zasi\u0119gu r\u0119ki. Znajd\u017a e-materia\u0142y do nauki w szkole i w domu. Bezp\u0142atne lektury Lektury kt\u00f3re mo\u017cesz mie\u0107 zawsze przy sobie. Matematyczne ZOO&hellip;","og_url":"https:\/\/spozarow.pl\/?page_id=2272","og_site_name":"Stowarzyszenie Na Rzecz Rozwoju Zespo\u0142u Szk\u00f3\u0142 w O\u017carowie im. Marii Sk\u0142odowskiej \u2013 Curie","article_modified_time":"2024-05-07T06:50:09+00:00","og_image":[{"url":"https:\/\/spozarow.pl\/wp-content\/uploads\/2023\/12\/angielski.png","type":"","width":"","height":""}],"twitter_card":"summary_large_image","twitter_misc":{"Szacowany czas czytania":"4 minuty"},"schema":{"@context":"https:\/\/schema.org","@graph":[{"@type":"WebPage","@id":"https:\/\/spozarow.pl\/?page_id=2272","url":"https:\/\/spozarow.pl\/?page_id=2272","name":"Dla ucznia - Stowarzyszenie Na Rzecz Rozwoju Zespo\u0142u Szk\u00f3\u0142 w O\u017carowie im. Marii Sk\u0142odowskiej \u2013 Curie","isPartOf":{"@id":"https:\/\/spozarow.pl\/#website"},"primaryImageOfPage":{"@id":"https:\/\/spozarow.pl\/?page_id=2272#primaryimage"},"image":{"@id":"https:\/\/spozarow.pl\/?page_id=2272#primaryimage"},"thumbnailUrl":"https:\/\/spozarow.pl\/wp-content\/uploads\/2023\/12\/angielski.png","datePublished":"2023-12-05T07:10:23+00:00","dateModified":"2024-05-07T06:50:09+00:00","breadcrumb":{"@id":"https:\/\/spozarow.pl\/?page_id=2272#breadcrumb"},"inLanguage":"pl-PL","potentialAction":[{"@type":"ReadAction","target":["https:\/\/spozarow.pl\/?page_id=2272"]}]},{"@type":"ImageObject","inLanguage":"pl-PL","@id":"https:\/\/spozarow.pl\/?page_id=2272#primaryimage","url":"https:\/\/spozarow.pl\/wp-content\/uploads\/2023\/12\/angielski.png","contentUrl":"https:\/\/spozarow.pl\/wp-content\/uploads\/2023\/12\/angielski.png","width":200,"height":79},{"@type":"BreadcrumbList","@id":"https:\/\/spozarow.pl\/?page_id=2272#breadcrumb","itemListElement":[{"@type":"ListItem","position":1,"name":"G\u0142\u00f3wna","item":"https:\/\/spozarow.pl\/"},{"@type":"ListItem","position":2,"name":"Dla ucznia"}]},{"@type":"WebSite","@id":"https:\/\/spozarow.pl\/#website","url":"https:\/\/spozarow.pl\/","name":"Stowarzyszenie Na Rzecz Rozwoju Zespo\u0142u Szk\u00f3\u0142 w O\u017caroie im. Marii Sk\u0142odowskiej - Curie","description":"","publisher":{"@id":"https:\/\/spozarow.pl\/#organization"},"potentialAction":[{"@type":"SearchAction","target":{"@type":"EntryPoint","urlTemplate":"https:\/\/spozarow.pl\/?s={search_term_string}"},"query-input":{"@type":"PropertyValueSpecification","valueRequired":true,"valueName":"search_term_string"}}],"inLanguage":"pl-PL"},{"@type":"Organization","@id":"https:\/\/spozarow.pl\/#organization","name":"Stowarzyszenie Na Rzecz Rozwoju Zespo\u0142u Szk\u00f3\u0142 w O\u017caroie im. Marii Sk\u0142odowskiej - Curie","url":"https:\/\/spozarow.pl\/","logo":{"@type":"ImageObject","inLanguage":"pl-PL","@id":"https:\/\/spozarow.pl\/#\/schema\/logo\/image\/","url":"https:\/\/spozarow.pl\/wp-content\/uploads\/2023\/11\/logo-3.jpg","contentUrl":"https:\/\/spozarow.pl\/wp-content\/uploads\/2023\/11\/logo-3.jpg","width":1872,"height":205,"caption":"Stowarzyszenie Na Rzecz Rozwoju Zespo\u0142u Szk\u00f3\u0142 w O\u017caroie im. Marii Sk\u0142odowskiej - Curie"},"image":{"@id":"https:\/\/spozarow.pl\/#\/schema\/logo\/image\/"}}]}},"_links":{"self":[{"href":"https:\/\/spozarow.pl\/index.php?rest_route=\/wp\/v2\/pages\/2272","targetHints":{"allow":["GET"]}}],"collection":[{"href":"https:\/\/spozarow.pl\/index.php?rest_route=\/wp\/v2\/pages"}],"about":[{"href":"https:\/\/spozarow.pl\/index.php?rest_route=\/wp\/v2\/types\/page"}],"author":[{"embeddable":true,"href":"https:\/\/spozarow.pl\/index.php?rest_route=\/wp\/v2\/users\/1"}],"replies":[{"embeddable":true,"href":"https:\/\/spozarow.pl\/index.php?rest_route=%2Fwp%2Fv2%2Fcomments&post=2272"}],"version-history":[{"count":68,"href":"https:\/\/spozarow.pl\/index.php?rest_route=\/wp\/v2\/pages\/2272\/revisions"}],"predecessor-version":[{"id":2569,"href":"https:\/\/spozarow.pl\/index.php?rest_route=\/wp\/v2\/pages\/2272\/revisions\/2569"}],"wp:attachment":[{"href":"https:\/\/spozarow.pl\/index.php?rest_route=%2Fwp%2Fv2%2Fmedia&parent=2272"}],"curies":[{"name":"wp","href":"https:\/\/api.w.org\/{rel}","templated":true}]}}