{"id":2096,"date":"2023-11-29T17:18:12","date_gmt":"2023-11-29T16:18:12","guid":{"rendered":"https:\/\/spozarow.pl\/?page_id=2096"},"modified":"2023-11-29T17:21:02","modified_gmt":"2023-11-29T16:21:02","slug":"grupy-przedszkolne","status":"publish","type":"page","link":"https:\/\/spozarow.pl\/?page_id=2096","title":{"rendered":"Grupy przedszkolne"},"content":{"rendered":"\t\t<div data-elementor-type=\"wp-page\" data-elementor-id=\"2096\" class=\"elementor elementor-2096\">\n\t\t\t\t<div class=\"elementor-element elementor-element-f1e7204 e-flex e-con-boxed e-con e-parent\" data-id=\"f1e7204\" data-element_type=\"container\" data-e-type=\"container\">\n\t\t\t\t\t<div class=\"e-con-inner\">\n\t\t<div class=\"elementor-element elementor-element-df84884 e-con-full e-flex e-con e-child\" data-id=\"df84884\" data-element_type=\"container\" data-e-type=\"container\">\n\t\t\t\t<div class=\"elementor-element elementor-element-2f9a93b elementor-widget elementor-widget-text-editor\" data-id=\"2f9a93b\" data-element_type=\"widget\" data-e-type=\"widget\" data-widget_type=\"text-editor.default\">\n\t\t\t\t<div class=\"elementor-widget-container\">\n\t\t\t\t\t\t\t\t\t<div class=\"x78zum5\" role=\"none\">\n<div class=\"x78zum5 x1iyjqo2 xs83m0k xeuugli\" role=\"none\">\n<div class=\"x1h91t0o xkh2ocl x78zum5 xdt5ytf x13a6bvl xcrg951 x1r145dm\" role=\"none\">\n<div class=\"x78zum5 xh8yej3\" role=\"none\">\n<div class=\"x1cy8zhl x78zum5 xdt5ytf x193iq5w x1n2onr6 x1kxipp6\">\n<div class=\"x78zum5 xh8yej3\" role=\"none\">\n<div class=\"x1tlxs6b x1g8br2z x1gn5b1j x230xth x14ctfv x1okitfd x6ikm8r x10wlt62 x1mzt3pk x1y1aw1k xn6708d xwib8y2 x1ye3gou x1n2onr6 x13faqbe x1vjfegm\" role=\"none\">\n<div class=\"x9f619 x1n2onr6 x1ja2u2z __fb-light-mode\" role=\"none\">\n<div class=\"x1gslohp x11i5rnm x12nagc x1mh8g0r x1yc453h x126k92a\" dir=\"auto\" style=\"text-align: center;\">,,Pszcz\u00f3\u0142ki&#8221;<\/div><div class=\"x1gslohp x11i5rnm x12nagc x1mh8g0r x1yc453h x126k92a\" dir=\"auto\" style=\"text-align: center;\"><br><\/div><div class=\"x1gslohp x11i5rnm x12nagc x1mh8g0r x1yc453h x126k92a\" dir=\"auto\" style=\"text-align: center;\">Grupa \u201ePszcz\u00f3\u0142ki\u201d jest grup\u0105 mieszan\u0105 4-5 latk\u00f3w. Liczy ona \u0142\u0105cznie 20 dzieci &#8211; w tym 12 ch\u0142opc\u00f3w i 8 dziewczynek. Podczas pracy na zaj\u0119ciach dzieci korzystaj\u0105 z pomocy edukacyjnych wyd. Nowej Ery z cyklu \u201eDzieciaki w Akcji\u201d. Grupa jest bardzo aktywna i w szczeg\u00f3lno\u015bci lubi zabawy ruchowe. \u201ePszcz\u00f3\u0142ki\u201d wraz z wychowawc\u0105 bior\u0105 w tym roku udzia\u0142 w dw\u00f3ch projektach edukacyjnych &#8211; Og\u00f3lnopolski Projekt edukacyjny BabyPoint \u201eCztery pory roku\u201d oraz Og\u00f3lnopolski Projekt Czytelniczy \u201eBajkowa wyprawa\u201d.<\/div>\n<\/div>\n<\/div>\n<\/div>\n<\/div>\n<\/div>\n<\/div>\n<div class=\"x1h91t0o xkh2ocl x78zum5 xdt5ytf x13a6bvl x193iq5w x1iyjqo2 xcrg951\" role=\"none\">\n<div class=\"x1r8uery x1iyjqo2\" role=\"none\">&nbsp;<\/div>\n<\/div>\n<\/div>\n<div class=\"x1h91t0o xkh2ocl x78zum5 xdt5ytf x13a6bvl x193iq5w x1c4vz4f xcrg951\" role=\"none\">\n<div class=\"x1xc55vz\" role=\"none\">&nbsp;<\/div>\n<\/div>\n<\/div>\n<div class=\"x78zum5 x13a6bvl\">\n<div class=\"x1jfb8zj x12nagc x1emribx x1gslohp\" style=\"text-align: center;\">&nbsp;<\/div>\n<\/div>\t\t\t\t\t\t\t\t<\/div>\n\t\t\t\t<\/div>\n\t\t\t\t<\/div>\n\t\t<div class=\"elementor-element elementor-element-cc261bc e-con-full e-flex e-con e-child\" data-id=\"cc261bc\" data-element_type=\"container\" data-e-type=\"container\">\n\t\t\t\t<\/div>\n\t\t<div class=\"elementor-element elementor-element-c64115a e-con-full e-flex e-con e-child\" data-id=\"c64115a\" data-element_type=\"container\" data-e-type=\"container\">\n\t\t\t\t<\/div>\n\t\t<div class=\"elementor-element elementor-element-c9b1998 e-con-full e-flex e-con e-child\" data-id=\"c9b1998\" data-element_type=\"container\" data-e-type=\"container\">\n\t\t\t\t<\/div>\n\t\t\t\t\t<\/div>\n\t\t\t\t<\/div>\n\t\t\t\t<\/div>\n\t\t","protected":false},"excerpt":{"rendered":"<p>,,Pszcz\u00f3\u0142ki&#8221;Grupa \u201ePszcz\u00f3\u0142ki\u201d jest grup\u0105 mieszan\u0105 4-5 latk\u00f3w. Liczy ona \u0142\u0105cznie 20 dzieci &#8211; w tym 12 ch\u0142opc\u00f3w i 8 dziewczynek. Podczas pracy na zaj\u0119ciach dzieci korzystaj\u0105 z pomocy edukacyjnych wyd. Nowej Ery z cyklu \u201eDzieciaki w Akcji\u201d. Grupa jest bardzo aktywna i w szczeg\u00f3lno\u015bci lubi zabawy ruchowe. \u201ePszcz\u00f3\u0142ki\u201d wraz z&hellip;<\/p>\n","protected":false},"author":2,"featured_media":0,"parent":0,"menu_order":0,"comment_status":"closed","ping_status":"closed","template":"","meta":{"footnotes":""},"class_list":["post-2096","page","type-page","status-publish","hentry"],"yoast_head":"<!-- This site is optimized with the Yoast SEO plugin v27.4 - https:\/\/yoast.com\/product\/yoast-seo-wordpress\/ -->\n<title>Grupy przedszkolne - Stowarzyszenie Na Rzecz Rozwoju Zespo\u0142u Szk\u00f3\u0142 w O\u017carowie im. Marii Sk\u0142odowskiej \u2013 Curie<\/title>\n<meta name=\"robots\" content=\"index, follow, max-snippet:-1, max-image-preview:large, max-video-preview:-1\" \/>\n<link rel=\"canonical\" href=\"https:\/\/spozarow.pl\/?page_id=2096\" \/>\n<meta property=\"og:locale\" content=\"pl_PL\" \/>\n<meta property=\"og:type\" content=\"article\" \/>\n<meta property=\"og:title\" content=\"Grupy przedszkolne - Stowarzyszenie Na Rzecz Rozwoju Zespo\u0142u Szk\u00f3\u0142 w O\u017carowie im. Marii Sk\u0142odowskiej \u2013 Curie\" \/>\n<meta property=\"og:description\" content=\",,Pszcz\u00f3\u0142ki&#8221;Grupa \u201ePszcz\u00f3\u0142ki\u201d jest grup\u0105 mieszan\u0105 4-5 latk\u00f3w. Liczy ona \u0142\u0105cznie 20 dzieci &#8211; w tym 12 ch\u0142opc\u00f3w i 8 dziewczynek. Podczas pracy na zaj\u0119ciach dzieci korzystaj\u0105 z pomocy edukacyjnych wyd. Nowej Ery z cyklu \u201eDzieciaki w Akcji\u201d. Grupa jest bardzo aktywna i w szczeg\u00f3lno\u015bci lubi zabawy ruchowe. \u201ePszcz\u00f3\u0142ki\u201d wraz z&hellip;\" \/>\n<meta property=\"og:url\" content=\"https:\/\/spozarow.pl\/?page_id=2096\" \/>\n<meta property=\"og:site_name\" content=\"Stowarzyszenie Na Rzecz Rozwoju Zespo\u0142u Szk\u00f3\u0142 w O\u017carowie im. Marii Sk\u0142odowskiej \u2013 Curie\" \/>\n<meta property=\"article:modified_time\" content=\"2023-11-29T16:21:02+00:00\" \/>\n<meta name=\"twitter:card\" content=\"summary_large_image\" \/>\n<meta name=\"twitter:label1\" content=\"Szacowany czas czytania\" \/>\n\t<meta name=\"twitter:data1\" content=\"1 minuta\" \/>\n<script type=\"application\/ld+json\" class=\"yoast-schema-graph\">{\"@context\":\"https:\\\/\\\/schema.org\",\"@graph\":[{\"@type\":\"WebPage\",\"@id\":\"https:\\\/\\\/spozarow.pl\\\/?page_id=2096\",\"url\":\"https:\\\/\\\/spozarow.pl\\\/?page_id=2096\",\"name\":\"Grupy przedszkolne - Stowarzyszenie Na Rzecz Rozwoju Zespo\u0142u Szk\u00f3\u0142 w O\u017carowie im. Marii Sk\u0142odowskiej \u2013 Curie\",\"isPartOf\":{\"@id\":\"https:\\\/\\\/spozarow.pl\\\/#website\"},\"datePublished\":\"2023-11-29T16:18:12+00:00\",\"dateModified\":\"2023-11-29T16:21:02+00:00\",\"breadcrumb\":{\"@id\":\"https:\\\/\\\/spozarow.pl\\\/?page_id=2096#breadcrumb\"},\"inLanguage\":\"pl-PL\",\"potentialAction\":[{\"@type\":\"ReadAction\",\"target\":[\"https:\\\/\\\/spozarow.pl\\\/?page_id=2096\"]}]},{\"@type\":\"BreadcrumbList\",\"@id\":\"https:\\\/\\\/spozarow.pl\\\/?page_id=2096#breadcrumb\",\"itemListElement\":[{\"@type\":\"ListItem\",\"position\":1,\"name\":\"G\u0142\u00f3wna\",\"item\":\"https:\\\/\\\/spozarow.pl\\\/\"},{\"@type\":\"ListItem\",\"position\":2,\"name\":\"Grupy przedszkolne\"}]},{\"@type\":\"WebSite\",\"@id\":\"https:\\\/\\\/spozarow.pl\\\/#website\",\"url\":\"https:\\\/\\\/spozarow.pl\\\/\",\"name\":\"Stowarzyszenie Na Rzecz Rozwoju Zespo\u0142u Szk\u00f3\u0142 w O\u017caroie im. Marii Sk\u0142odowskiej - Curie\",\"description\":\"\",\"publisher\":{\"@id\":\"https:\\\/\\\/spozarow.pl\\\/#organization\"},\"potentialAction\":[{\"@type\":\"SearchAction\",\"target\":{\"@type\":\"EntryPoint\",\"urlTemplate\":\"https:\\\/\\\/spozarow.pl\\\/?s={search_term_string}\"},\"query-input\":{\"@type\":\"PropertyValueSpecification\",\"valueRequired\":true,\"valueName\":\"search_term_string\"}}],\"inLanguage\":\"pl-PL\"},{\"@type\":\"Organization\",\"@id\":\"https:\\\/\\\/spozarow.pl\\\/#organization\",\"name\":\"Stowarzyszenie Na Rzecz Rozwoju Zespo\u0142u Szk\u00f3\u0142 w O\u017caroie im. Marii Sk\u0142odowskiej - Curie\",\"url\":\"https:\\\/\\\/spozarow.pl\\\/\",\"logo\":{\"@type\":\"ImageObject\",\"inLanguage\":\"pl-PL\",\"@id\":\"https:\\\/\\\/spozarow.pl\\\/#\\\/schema\\\/logo\\\/image\\\/\",\"url\":\"https:\\\/\\\/spozarow.pl\\\/wp-content\\\/uploads\\\/2023\\\/11\\\/logo-3.jpg\",\"contentUrl\":\"https:\\\/\\\/spozarow.pl\\\/wp-content\\\/uploads\\\/2023\\\/11\\\/logo-3.jpg\",\"width\":1872,\"height\":205,\"caption\":\"Stowarzyszenie Na Rzecz Rozwoju Zespo\u0142u Szk\u00f3\u0142 w O\u017caroie im. Marii Sk\u0142odowskiej - Curie\"},\"image\":{\"@id\":\"https:\\\/\\\/spozarow.pl\\\/#\\\/schema\\\/logo\\\/image\\\/\"}}]}<\/script>\n<!-- \/ Yoast SEO plugin. -->","yoast_head_json":{"title":"Grupy przedszkolne - Stowarzyszenie Na Rzecz Rozwoju Zespo\u0142u Szk\u00f3\u0142 w O\u017carowie im. Marii Sk\u0142odowskiej \u2013 Curie","robots":{"index":"index","follow":"follow","max-snippet":"max-snippet:-1","max-image-preview":"max-image-preview:large","max-video-preview":"max-video-preview:-1"},"canonical":"https:\/\/spozarow.pl\/?page_id=2096","og_locale":"pl_PL","og_type":"article","og_title":"Grupy przedszkolne - Stowarzyszenie Na Rzecz Rozwoju Zespo\u0142u Szk\u00f3\u0142 w O\u017carowie im. Marii Sk\u0142odowskiej \u2013 Curie","og_description":",,Pszcz\u00f3\u0142ki&#8221;Grupa \u201ePszcz\u00f3\u0142ki\u201d jest grup\u0105 mieszan\u0105 4-5 latk\u00f3w. Liczy ona \u0142\u0105cznie 20 dzieci &#8211; w tym 12 ch\u0142opc\u00f3w i 8 dziewczynek. Podczas pracy na zaj\u0119ciach dzieci korzystaj\u0105 z pomocy edukacyjnych wyd. Nowej Ery z cyklu \u201eDzieciaki w Akcji\u201d. Grupa jest bardzo aktywna i w szczeg\u00f3lno\u015bci lubi zabawy ruchowe. \u201ePszcz\u00f3\u0142ki\u201d wraz z&hellip;","og_url":"https:\/\/spozarow.pl\/?page_id=2096","og_site_name":"Stowarzyszenie Na Rzecz Rozwoju Zespo\u0142u Szk\u00f3\u0142 w O\u017carowie im. Marii Sk\u0142odowskiej \u2013 Curie","article_modified_time":"2023-11-29T16:21:02+00:00","twitter_card":"summary_large_image","twitter_misc":{"Szacowany czas czytania":"1 minuta"},"schema":{"@context":"https:\/\/schema.org","@graph":[{"@type":"WebPage","@id":"https:\/\/spozarow.pl\/?page_id=2096","url":"https:\/\/spozarow.pl\/?page_id=2096","name":"Grupy przedszkolne - Stowarzyszenie Na Rzecz Rozwoju Zespo\u0142u Szk\u00f3\u0142 w O\u017carowie im. Marii Sk\u0142odowskiej \u2013 Curie","isPartOf":{"@id":"https:\/\/spozarow.pl\/#website"},"datePublished":"2023-11-29T16:18:12+00:00","dateModified":"2023-11-29T16:21:02+00:00","breadcrumb":{"@id":"https:\/\/spozarow.pl\/?page_id=2096#breadcrumb"},"inLanguage":"pl-PL","potentialAction":[{"@type":"ReadAction","target":["https:\/\/spozarow.pl\/?page_id=2096"]}]},{"@type":"BreadcrumbList","@id":"https:\/\/spozarow.pl\/?page_id=2096#breadcrumb","itemListElement":[{"@type":"ListItem","position":1,"name":"G\u0142\u00f3wna","item":"https:\/\/spozarow.pl\/"},{"@type":"ListItem","position":2,"name":"Grupy przedszkolne"}]},{"@type":"WebSite","@id":"https:\/\/spozarow.pl\/#website","url":"https:\/\/spozarow.pl\/","name":"Stowarzyszenie Na Rzecz Rozwoju Zespo\u0142u Szk\u00f3\u0142 w O\u017caroie im. Marii Sk\u0142odowskiej - Curie","description":"","publisher":{"@id":"https:\/\/spozarow.pl\/#organization"},"potentialAction":[{"@type":"SearchAction","target":{"@type":"EntryPoint","urlTemplate":"https:\/\/spozarow.pl\/?s={search_term_string}"},"query-input":{"@type":"PropertyValueSpecification","valueRequired":true,"valueName":"search_term_string"}}],"inLanguage":"pl-PL"},{"@type":"Organization","@id":"https:\/\/spozarow.pl\/#organization","name":"Stowarzyszenie Na Rzecz Rozwoju Zespo\u0142u Szk\u00f3\u0142 w O\u017caroie im. Marii Sk\u0142odowskiej - Curie","url":"https:\/\/spozarow.pl\/","logo":{"@type":"ImageObject","inLanguage":"pl-PL","@id":"https:\/\/spozarow.pl\/#\/schema\/logo\/image\/","url":"https:\/\/spozarow.pl\/wp-content\/uploads\/2023\/11\/logo-3.jpg","contentUrl":"https:\/\/spozarow.pl\/wp-content\/uploads\/2023\/11\/logo-3.jpg","width":1872,"height":205,"caption":"Stowarzyszenie Na Rzecz Rozwoju Zespo\u0142u Szk\u00f3\u0142 w O\u017caroie im. Marii Sk\u0142odowskiej - Curie"},"image":{"@id":"https:\/\/spozarow.pl\/#\/schema\/logo\/image\/"}}]}},"_links":{"self":[{"href":"https:\/\/spozarow.pl\/index.php?rest_route=\/wp\/v2\/pages\/2096","targetHints":{"allow":["GET"]}}],"collection":[{"href":"https:\/\/spozarow.pl\/index.php?rest_route=\/wp\/v2\/pages"}],"about":[{"href":"https:\/\/spozarow.pl\/index.php?rest_route=\/wp\/v2\/types\/page"}],"author":[{"embeddable":true,"href":"https:\/\/spozarow.pl\/index.php?rest_route=\/wp\/v2\/users\/2"}],"replies":[{"embeddable":true,"href":"https:\/\/spozarow.pl\/index.php?rest_route=%2Fwp%2Fv2%2Fcomments&post=2096"}],"version-history":[{"count":3,"href":"https:\/\/spozarow.pl\/index.php?rest_route=\/wp\/v2\/pages\/2096\/revisions"}],"predecessor-version":[{"id":2100,"href":"https:\/\/spozarow.pl\/index.php?rest_route=\/wp\/v2\/pages\/2096\/revisions\/2100"}],"wp:attachment":[{"href":"https:\/\/spozarow.pl\/index.php?rest_route=%2Fwp%2Fv2%2Fmedia&parent=2096"}],"curies":[{"name":"wp","href":"https:\/\/api.w.org\/{rel}","templated":true}]}}