{"id":2027,"date":"2023-11-28T08:28:01","date_gmt":"2023-11-28T07:28:01","guid":{"rendered":"https:\/\/spozarow.pl\/?page_id=2027"},"modified":"2024-06-08T18:47:54","modified_gmt":"2024-06-08T16:47:54","slug":"nasze-opiekunki","status":"publish","type":"page","link":"https:\/\/spozarow.pl\/?page_id=2027","title":{"rendered":"Nasze opiekunki"},"content":{"rendered":"\t\t<div data-elementor-type=\"wp-page\" data-elementor-id=\"2027\" class=\"elementor elementor-2027\">\n\t\t\t\t<div class=\"elementor-element elementor-element-4ae515b e-flex e-con-boxed e-con e-parent\" data-id=\"4ae515b\" data-element_type=\"container\" data-e-type=\"container\">\n\t\t\t\t\t<div class=\"e-con-inner\">\n\t\t<div class=\"elementor-element elementor-element-d63a82a e-con-full e-flex e-con e-child\" data-id=\"d63a82a\" data-element_type=\"container\" data-e-type=\"container\">\n\t\t\t\t<div class=\"elementor-element elementor-element-944fda8 elementor-position-top elementor-widget elementor-widget-image-box\" data-id=\"944fda8\" data-element_type=\"widget\" data-e-type=\"widget\" data-widget_type=\"image-box.default\">\n\t\t\t\t<div class=\"elementor-widget-container\">\n\t\t\t\t\t<div class=\"elementor-image-box-wrapper\"><figure class=\"elementor-image-box-img\"><img fetchpriority=\"high\" decoding=\"async\" width=\"1707\" height=\"2560\" src=\"https:\/\/spozarow.pl\/wp-content\/uploads\/2023\/11\/IMG_2131-scaled.jpg\" class=\"attachment-full size-full wp-image-2031\" alt=\"\" srcset=\"https:\/\/spozarow.pl\/wp-content\/uploads\/2023\/11\/IMG_2131-scaled.jpg 1707w, https:\/\/spozarow.pl\/wp-content\/uploads\/2023\/11\/IMG_2131-200x300.jpg 200w, https:\/\/spozarow.pl\/wp-content\/uploads\/2023\/11\/IMG_2131-683x1024.jpg 683w, https:\/\/spozarow.pl\/wp-content\/uploads\/2023\/11\/IMG_2131-768x1152.jpg 768w, https:\/\/spozarow.pl\/wp-content\/uploads\/2023\/11\/IMG_2131-1024x1536.jpg 1024w, https:\/\/spozarow.pl\/wp-content\/uploads\/2023\/11\/IMG_2131-1365x2048.jpg 1365w\" sizes=\"(max-width: 1707px) 100vw, 1707px\" \/><\/figure><div class=\"elementor-image-box-content\"><h3 class=\"elementor-image-box-title\">Anna Paniec<\/h3><\/div><\/div>\t\t\t\t<\/div>\n\t\t\t\t<\/div>\n\t\t\t\t<\/div>\n\t\t<div class=\"elementor-element elementor-element-ebc9589 e-con-full e-flex e-con e-child\" data-id=\"ebc9589\" data-element_type=\"container\" data-e-type=\"container\">\n\t\t\t\t<div class=\"elementor-element elementor-element-b5fb388 elementor-position-top elementor-widget elementor-widget-image-box\" data-id=\"b5fb388\" data-element_type=\"widget\" data-e-type=\"widget\" data-widget_type=\"image-box.default\">\n\t\t\t\t<div class=\"elementor-widget-container\">\n\t\t\t\t\t<div class=\"elementor-image-box-wrapper\"><figure class=\"elementor-image-box-img\"><img decoding=\"async\" width=\"1707\" height=\"2560\" src=\"https:\/\/spozarow.pl\/wp-content\/uploads\/2023\/11\/IMG_2136-scaled.jpg\" class=\"attachment-full size-full wp-image-2032\" alt=\"\" srcset=\"https:\/\/spozarow.pl\/wp-content\/uploads\/2023\/11\/IMG_2136-scaled.jpg 1707w, https:\/\/spozarow.pl\/wp-content\/uploads\/2023\/11\/IMG_2136-200x300.jpg 200w, https:\/\/spozarow.pl\/wp-content\/uploads\/2023\/11\/IMG_2136-683x1024.jpg 683w, https:\/\/spozarow.pl\/wp-content\/uploads\/2023\/11\/IMG_2136-768x1152.jpg 768w, https:\/\/spozarow.pl\/wp-content\/uploads\/2023\/11\/IMG_2136-1024x1536.jpg 1024w, https:\/\/spozarow.pl\/wp-content\/uploads\/2023\/11\/IMG_2136-1365x2048.jpg 1365w\" sizes=\"(max-width: 1707px) 100vw, 1707px\" \/><\/figure><div class=\"elementor-image-box-content\"><h3 class=\"elementor-image-box-title\">Justyna Chmielewska<\/h3><\/div><\/div>\t\t\t\t<\/div>\n\t\t\t\t<\/div>\n\t\t\t\t<\/div>\n\t\t\t\t\t<\/div>\n\t\t\t\t<\/div>\n\t\t<div class=\"elementor-element elementor-element-a5c2b74 e-flex e-con-boxed e-con e-parent\" data-id=\"a5c2b74\" data-element_type=\"container\" data-e-type=\"container\">\n\t\t\t\t\t<div class=\"e-con-inner\">\n\t\t<div class=\"elementor-element elementor-element-c215632 e-con-full e-flex e-con e-child\" data-id=\"c215632\" data-element_type=\"container\" data-e-type=\"container\">\n\t\t\t\t<div class=\"elementor-element elementor-element-349002b elementor-position-top elementor-widget elementor-widget-image-box\" data-id=\"349002b\" data-element_type=\"widget\" data-e-type=\"widget\" data-widget_type=\"image-box.default\">\n\t\t\t\t<div class=\"elementor-widget-container\">\n\t\t\t\t\t<div class=\"elementor-image-box-wrapper\"><figure class=\"elementor-image-box-img\"><img decoding=\"async\" width=\"1707\" height=\"2560\" src=\"https:\/\/spozarow.pl\/wp-content\/uploads\/2023\/11\/IMG_2105-scaled.jpg\" class=\"attachment-full size-full wp-image-1410\" alt=\"\" srcset=\"https:\/\/spozarow.pl\/wp-content\/uploads\/2023\/11\/IMG_2105-scaled.jpg 1707w, https:\/\/spozarow.pl\/wp-content\/uploads\/2023\/11\/IMG_2105-200x300.jpg 200w, https:\/\/spozarow.pl\/wp-content\/uploads\/2023\/11\/IMG_2105-683x1024.jpg 683w, https:\/\/spozarow.pl\/wp-content\/uploads\/2023\/11\/IMG_2105-768x1152.jpg 768w, https:\/\/spozarow.pl\/wp-content\/uploads\/2023\/11\/IMG_2105-1024x1536.jpg 1024w, https:\/\/spozarow.pl\/wp-content\/uploads\/2023\/11\/IMG_2105-1365x2048.jpg 1365w\" sizes=\"(max-width: 1707px) 100vw, 1707px\" \/><\/figure><div class=\"elementor-image-box-content\"><h3 class=\"elementor-image-box-title\">Monika Oleksiak<\/h3><\/div><\/div>\t\t\t\t<\/div>\n\t\t\t\t<\/div>\n\t\t\t\t<\/div>\n\t\t<div class=\"elementor-element elementor-element-431026a e-con-full e-flex e-con e-child\" data-id=\"431026a\" data-element_type=\"container\" data-e-type=\"container\">\n\t\t\t\t<div class=\"elementor-element elementor-element-a0672d0 elementor-position-top elementor-widget elementor-widget-image-box\" data-id=\"a0672d0\" data-element_type=\"widget\" data-e-type=\"widget\" data-widget_type=\"image-box.default\">\n\t\t\t\t<div class=\"elementor-widget-container\">\n\t\t\t\t\t<div class=\"elementor-image-box-wrapper\"><figure class=\"elementor-image-box-img\"><img loading=\"lazy\" decoding=\"async\" width=\"1707\" height=\"2560\" src=\"https:\/\/spozarow.pl\/wp-content\/uploads\/2023\/11\/IMG_1998-scaled.jpg\" class=\"attachment-full size-full wp-image-911\" alt=\"\" srcset=\"https:\/\/spozarow.pl\/wp-content\/uploads\/2023\/11\/IMG_1998-scaled.jpg 1707w, https:\/\/spozarow.pl\/wp-content\/uploads\/2023\/11\/IMG_1998-200x300.jpg 200w, https:\/\/spozarow.pl\/wp-content\/uploads\/2023\/11\/IMG_1998-683x1024.jpg 683w, https:\/\/spozarow.pl\/wp-content\/uploads\/2023\/11\/IMG_1998-768x1152.jpg 768w, https:\/\/spozarow.pl\/wp-content\/uploads\/2023\/11\/IMG_1998-1024x1536.jpg 1024w, https:\/\/spozarow.pl\/wp-content\/uploads\/2023\/11\/IMG_1998-1365x2048.jpg 1365w\" sizes=\"(max-width: 1707px) 100vw, 1707px\" \/><\/figure><div class=\"elementor-image-box-content\"><h3 class=\"elementor-image-box-title\">Anna Stefa\u0144ska - Dyrektor \u017b\u0142obka<\/h3><\/div><\/div>\t\t\t\t<\/div>\n\t\t\t\t<\/div>\n\t\t\t\t<\/div>\n\t\t\t\t\t<\/div>\n\t\t\t\t<\/div>\n\t\t<div class=\"elementor-element elementor-element-786b3e2 e-flex e-con-boxed e-con e-parent\" data-id=\"786b3e2\" data-element_type=\"container\" data-e-type=\"container\">\n\t\t\t\t\t<div class=\"e-con-inner\">\n\t\t<div class=\"elementor-element elementor-element-0aadcf8 e-con-full e-flex e-con e-child\" data-id=\"0aadcf8\" data-element_type=\"container\" data-e-type=\"container\">\n\t\t\t\t<div class=\"elementor-element elementor-element-df19dd5 elementor-position-top elementor-widget elementor-widget-image-box\" data-id=\"df19dd5\" data-element_type=\"widget\" data-e-type=\"widget\" data-widget_type=\"image-box.default\">\n\t\t\t\t<div class=\"elementor-widget-container\">\n\t\t\t\t\t<div class=\"elementor-image-box-wrapper\"><figure class=\"elementor-image-box-img\"><img decoding=\"async\" src=\"https:\/\/spozarow.pl\/wp-content\/plugins\/elementor\/assets\/images\/placeholder.png\" title=\"\" alt=\"\" loading=\"lazy\" \/><\/figure><div class=\"elementor-image-box-content\"><h3 class=\"elementor-image-box-title\">Ewa Pastuszka - Piel\u0119gniarka<\/h3><\/div><\/div>\t\t\t\t<\/div>\n\t\t\t\t<\/div>\n\t\t\t\t<\/div>\n\t\t<div class=\"elementor-element elementor-element-66bb8f6 e-con-full e-flex e-con e-child\" data-id=\"66bb8f6\" data-element_type=\"container\" data-e-type=\"container\">\n\t\t\t\t<\/div>\n\t\t\t\t\t<\/div>\n\t\t\t\t<\/div>\n\t\t\t\t<\/div>\n\t\t","protected":false},"excerpt":{"rendered":"<p>Anna Paniec Justyna Chmielewska Monika Oleksiak Anna Stefa\u0144ska &#8211; Dyrektor \u017b\u0142obka Ewa Pastuszka &#8211; Piel\u0119gniarka<\/p>\n","protected":false},"author":1,"featured_media":0,"parent":0,"menu_order":0,"comment_status":"closed","ping_status":"closed","template":"","meta":{"footnotes":""},"class_list":["post-2027","page","type-page","status-publish","hentry"],"yoast_head":"<!-- This site is optimized with the Yoast SEO plugin v27.4 - https:\/\/yoast.com\/product\/yoast-seo-wordpress\/ -->\n<title>Nasze opiekunki - Stowarzyszenie Na Rzecz Rozwoju Zespo\u0142u Szk\u00f3\u0142 w O\u017carowie im. Marii Sk\u0142odowskiej \u2013 Curie<\/title>\n<meta name=\"robots\" content=\"index, follow, max-snippet:-1, max-image-preview:large, max-video-preview:-1\" \/>\n<link rel=\"canonical\" href=\"https:\/\/spozarow.pl\/?page_id=2027\" \/>\n<meta property=\"og:locale\" content=\"pl_PL\" \/>\n<meta property=\"og:type\" content=\"article\" \/>\n<meta property=\"og:title\" content=\"Nasze opiekunki - Stowarzyszenie Na Rzecz Rozwoju Zespo\u0142u Szk\u00f3\u0142 w O\u017carowie im. Marii Sk\u0142odowskiej \u2013 Curie\" \/>\n<meta property=\"og:description\" content=\"Anna Paniec Justyna Chmielewska Monika Oleksiak Anna Stefa\u0144ska &#8211; Dyrektor \u017b\u0142obka Ewa Pastuszka &#8211; Piel\u0119gniarka\" \/>\n<meta property=\"og:url\" content=\"https:\/\/spozarow.pl\/?page_id=2027\" \/>\n<meta property=\"og:site_name\" content=\"Stowarzyszenie Na Rzecz Rozwoju Zespo\u0142u Szk\u00f3\u0142 w O\u017carowie im. Marii Sk\u0142odowskiej \u2013 Curie\" \/>\n<meta property=\"article:modified_time\" content=\"2024-06-08T16:47:54+00:00\" \/>\n<meta property=\"og:image\" content=\"https:\/\/spozarow.pl\/wp-content\/uploads\/2023\/11\/IMG_2131-scaled.jpg\" \/>\n<meta name=\"twitter:card\" content=\"summary_large_image\" \/>\n<meta name=\"twitter:label1\" content=\"Szacowany czas czytania\" \/>\n\t<meta name=\"twitter:data1\" content=\"2 minuty\" \/>\n<script type=\"application\/ld+json\" class=\"yoast-schema-graph\">{\"@context\":\"https:\\\/\\\/schema.org\",\"@graph\":[{\"@type\":\"WebPage\",\"@id\":\"https:\\\/\\\/spozarow.pl\\\/?page_id=2027\",\"url\":\"https:\\\/\\\/spozarow.pl\\\/?page_id=2027\",\"name\":\"Nasze opiekunki - Stowarzyszenie Na Rzecz Rozwoju Zespo\u0142u Szk\u00f3\u0142 w O\u017carowie im. Marii Sk\u0142odowskiej \u2013 Curie\",\"isPartOf\":{\"@id\":\"https:\\\/\\\/spozarow.pl\\\/#website\"},\"primaryImageOfPage\":{\"@id\":\"https:\\\/\\\/spozarow.pl\\\/?page_id=2027#primaryimage\"},\"image\":{\"@id\":\"https:\\\/\\\/spozarow.pl\\\/?page_id=2027#primaryimage\"},\"thumbnailUrl\":\"https:\\\/\\\/spozarow.pl\\\/wp-content\\\/uploads\\\/2023\\\/11\\\/IMG_2131-scaled.jpg\",\"datePublished\":\"2023-11-28T07:28:01+00:00\",\"dateModified\":\"2024-06-08T16:47:54+00:00\",\"breadcrumb\":{\"@id\":\"https:\\\/\\\/spozarow.pl\\\/?page_id=2027#breadcrumb\"},\"inLanguage\":\"pl-PL\",\"potentialAction\":[{\"@type\":\"ReadAction\",\"target\":[\"https:\\\/\\\/spozarow.pl\\\/?page_id=2027\"]}]},{\"@type\":\"ImageObject\",\"inLanguage\":\"pl-PL\",\"@id\":\"https:\\\/\\\/spozarow.pl\\\/?page_id=2027#primaryimage\",\"url\":\"https:\\\/\\\/spozarow.pl\\\/wp-content\\\/uploads\\\/2023\\\/11\\\/IMG_2131-scaled.jpg\",\"contentUrl\":\"https:\\\/\\\/spozarow.pl\\\/wp-content\\\/uploads\\\/2023\\\/11\\\/IMG_2131-scaled.jpg\",\"width\":1707,\"height\":2560},{\"@type\":\"BreadcrumbList\",\"@id\":\"https:\\\/\\\/spozarow.pl\\\/?page_id=2027#breadcrumb\",\"itemListElement\":[{\"@type\":\"ListItem\",\"position\":1,\"name\":\"G\u0142\u00f3wna\",\"item\":\"https:\\\/\\\/spozarow.pl\\\/\"},{\"@type\":\"ListItem\",\"position\":2,\"name\":\"Nasze opiekunki\"}]},{\"@type\":\"WebSite\",\"@id\":\"https:\\\/\\\/spozarow.pl\\\/#website\",\"url\":\"https:\\\/\\\/spozarow.pl\\\/\",\"name\":\"Stowarzyszenie Na Rzecz Rozwoju Zespo\u0142u Szk\u00f3\u0142 w O\u017caroie im. Marii Sk\u0142odowskiej - Curie\",\"description\":\"\",\"publisher\":{\"@id\":\"https:\\\/\\\/spozarow.pl\\\/#organization\"},\"potentialAction\":[{\"@type\":\"SearchAction\",\"target\":{\"@type\":\"EntryPoint\",\"urlTemplate\":\"https:\\\/\\\/spozarow.pl\\\/?s={search_term_string}\"},\"query-input\":{\"@type\":\"PropertyValueSpecification\",\"valueRequired\":true,\"valueName\":\"search_term_string\"}}],\"inLanguage\":\"pl-PL\"},{\"@type\":\"Organization\",\"@id\":\"https:\\\/\\\/spozarow.pl\\\/#organization\",\"name\":\"Stowarzyszenie Na Rzecz Rozwoju Zespo\u0142u Szk\u00f3\u0142 w O\u017caroie im. Marii Sk\u0142odowskiej - Curie\",\"url\":\"https:\\\/\\\/spozarow.pl\\\/\",\"logo\":{\"@type\":\"ImageObject\",\"inLanguage\":\"pl-PL\",\"@id\":\"https:\\\/\\\/spozarow.pl\\\/#\\\/schema\\\/logo\\\/image\\\/\",\"url\":\"https:\\\/\\\/spozarow.pl\\\/wp-content\\\/uploads\\\/2023\\\/11\\\/logo-3.jpg\",\"contentUrl\":\"https:\\\/\\\/spozarow.pl\\\/wp-content\\\/uploads\\\/2023\\\/11\\\/logo-3.jpg\",\"width\":1872,\"height\":205,\"caption\":\"Stowarzyszenie Na Rzecz Rozwoju Zespo\u0142u Szk\u00f3\u0142 w O\u017caroie im. Marii Sk\u0142odowskiej - Curie\"},\"image\":{\"@id\":\"https:\\\/\\\/spozarow.pl\\\/#\\\/schema\\\/logo\\\/image\\\/\"}}]}<\/script>\n<!-- \/ Yoast SEO plugin. -->","yoast_head_json":{"title":"Nasze opiekunki - Stowarzyszenie Na Rzecz Rozwoju Zespo\u0142u Szk\u00f3\u0142 w O\u017carowie im. Marii Sk\u0142odowskiej \u2013 Curie","robots":{"index":"index","follow":"follow","max-snippet":"max-snippet:-1","max-image-preview":"max-image-preview:large","max-video-preview":"max-video-preview:-1"},"canonical":"https:\/\/spozarow.pl\/?page_id=2027","og_locale":"pl_PL","og_type":"article","og_title":"Nasze opiekunki - Stowarzyszenie Na Rzecz Rozwoju Zespo\u0142u Szk\u00f3\u0142 w O\u017carowie im. Marii Sk\u0142odowskiej \u2013 Curie","og_description":"Anna Paniec Justyna Chmielewska Monika Oleksiak Anna Stefa\u0144ska &#8211; Dyrektor \u017b\u0142obka Ewa Pastuszka &#8211; Piel\u0119gniarka","og_url":"https:\/\/spozarow.pl\/?page_id=2027","og_site_name":"Stowarzyszenie Na Rzecz Rozwoju Zespo\u0142u Szk\u00f3\u0142 w O\u017carowie im. Marii Sk\u0142odowskiej \u2013 Curie","article_modified_time":"2024-06-08T16:47:54+00:00","og_image":[{"url":"https:\/\/spozarow.pl\/wp-content\/uploads\/2023\/11\/IMG_2131-scaled.jpg","type":"","width":"","height":""}],"twitter_card":"summary_large_image","twitter_misc":{"Szacowany czas czytania":"2 minuty"},"schema":{"@context":"https:\/\/schema.org","@graph":[{"@type":"WebPage","@id":"https:\/\/spozarow.pl\/?page_id=2027","url":"https:\/\/spozarow.pl\/?page_id=2027","name":"Nasze opiekunki - Stowarzyszenie Na Rzecz Rozwoju Zespo\u0142u Szk\u00f3\u0142 w O\u017carowie im. Marii Sk\u0142odowskiej \u2013 Curie","isPartOf":{"@id":"https:\/\/spozarow.pl\/#website"},"primaryImageOfPage":{"@id":"https:\/\/spozarow.pl\/?page_id=2027#primaryimage"},"image":{"@id":"https:\/\/spozarow.pl\/?page_id=2027#primaryimage"},"thumbnailUrl":"https:\/\/spozarow.pl\/wp-content\/uploads\/2023\/11\/IMG_2131-scaled.jpg","datePublished":"2023-11-28T07:28:01+00:00","dateModified":"2024-06-08T16:47:54+00:00","breadcrumb":{"@id":"https:\/\/spozarow.pl\/?page_id=2027#breadcrumb"},"inLanguage":"pl-PL","potentialAction":[{"@type":"ReadAction","target":["https:\/\/spozarow.pl\/?page_id=2027"]}]},{"@type":"ImageObject","inLanguage":"pl-PL","@id":"https:\/\/spozarow.pl\/?page_id=2027#primaryimage","url":"https:\/\/spozarow.pl\/wp-content\/uploads\/2023\/11\/IMG_2131-scaled.jpg","contentUrl":"https:\/\/spozarow.pl\/wp-content\/uploads\/2023\/11\/IMG_2131-scaled.jpg","width":1707,"height":2560},{"@type":"BreadcrumbList","@id":"https:\/\/spozarow.pl\/?page_id=2027#breadcrumb","itemListElement":[{"@type":"ListItem","position":1,"name":"G\u0142\u00f3wna","item":"https:\/\/spozarow.pl\/"},{"@type":"ListItem","position":2,"name":"Nasze opiekunki"}]},{"@type":"WebSite","@id":"https:\/\/spozarow.pl\/#website","url":"https:\/\/spozarow.pl\/","name":"Stowarzyszenie Na Rzecz Rozwoju Zespo\u0142u Szk\u00f3\u0142 w O\u017caroie im. Marii Sk\u0142odowskiej - Curie","description":"","publisher":{"@id":"https:\/\/spozarow.pl\/#organization"},"potentialAction":[{"@type":"SearchAction","target":{"@type":"EntryPoint","urlTemplate":"https:\/\/spozarow.pl\/?s={search_term_string}"},"query-input":{"@type":"PropertyValueSpecification","valueRequired":true,"valueName":"search_term_string"}}],"inLanguage":"pl-PL"},{"@type":"Organization","@id":"https:\/\/spozarow.pl\/#organization","name":"Stowarzyszenie Na Rzecz Rozwoju Zespo\u0142u Szk\u00f3\u0142 w O\u017caroie im. Marii Sk\u0142odowskiej - Curie","url":"https:\/\/spozarow.pl\/","logo":{"@type":"ImageObject","inLanguage":"pl-PL","@id":"https:\/\/spozarow.pl\/#\/schema\/logo\/image\/","url":"https:\/\/spozarow.pl\/wp-content\/uploads\/2023\/11\/logo-3.jpg","contentUrl":"https:\/\/spozarow.pl\/wp-content\/uploads\/2023\/11\/logo-3.jpg","width":1872,"height":205,"caption":"Stowarzyszenie Na Rzecz Rozwoju Zespo\u0142u Szk\u00f3\u0142 w O\u017caroie im. Marii Sk\u0142odowskiej - Curie"},"image":{"@id":"https:\/\/spozarow.pl\/#\/schema\/logo\/image\/"}}]}},"_links":{"self":[{"href":"https:\/\/spozarow.pl\/index.php?rest_route=\/wp\/v2\/pages\/2027","targetHints":{"allow":["GET"]}}],"collection":[{"href":"https:\/\/spozarow.pl\/index.php?rest_route=\/wp\/v2\/pages"}],"about":[{"href":"https:\/\/spozarow.pl\/index.php?rest_route=\/wp\/v2\/types\/page"}],"author":[{"embeddable":true,"href":"https:\/\/spozarow.pl\/index.php?rest_route=\/wp\/v2\/users\/1"}],"replies":[{"embeddable":true,"href":"https:\/\/spozarow.pl\/index.php?rest_route=%2Fwp%2Fv2%2Fcomments&post=2027"}],"version-history":[{"count":16,"href":"https:\/\/spozarow.pl\/index.php?rest_route=\/wp\/v2\/pages\/2027\/revisions"}],"predecessor-version":[{"id":2773,"href":"https:\/\/spozarow.pl\/index.php?rest_route=\/wp\/v2\/pages\/2027\/revisions\/2773"}],"wp:attachment":[{"href":"https:\/\/spozarow.pl\/index.php?rest_route=%2Fwp%2Fv2%2Fmedia&parent=2027"}],"curies":[{"name":"wp","href":"https:\/\/api.w.org\/{rel}","templated":true}]}}