{"id":1334,"date":"2023-11-17T11:35:16","date_gmt":"2023-11-17T10:35:16","guid":{"rendered":"https:\/\/spozarow.pl\/?page_id=1334"},"modified":"2023-11-17T11:37:01","modified_gmt":"2023-11-17T10:37:01","slug":"o-przedszkolu","status":"publish","type":"page","link":"https:\/\/spozarow.pl\/?page_id=1334","title":{"rendered":"O Przedszkolu"},"content":{"rendered":"\t\t<div data-elementor-type=\"wp-page\" data-elementor-id=\"1334\" class=\"elementor elementor-1334\">\n\t\t\t\t<div class=\"elementor-element elementor-element-83b1a64 e-flex e-con-boxed e-con e-parent\" data-id=\"83b1a64\" data-element_type=\"container\" data-e-type=\"container\">\n\t\t\t\t\t<div class=\"e-con-inner\">\n\t\t\t\t<div class=\"elementor-element elementor-element-a030a16 elementor-widget elementor-widget-heading\" data-id=\"a030a16\" data-element_type=\"widget\" data-e-type=\"widget\" data-widget_type=\"heading.default\">\n\t\t\t\t<div class=\"elementor-widget-container\">\n\t\t\t\t\t<h2 class=\"elementor-heading-title elementor-size-default\">Przedszkole \"u Sk\u0142odowskiej\" w O\u017carowie<\/h2>\t\t\t\t<\/div>\n\t\t\t\t<\/div>\n\t\t\t\t\t<\/div>\n\t\t\t\t<\/div>\n\t\t<div class=\"elementor-element elementor-element-a9763bf e-flex e-con-boxed e-con e-parent\" data-id=\"a9763bf\" data-element_type=\"container\" data-e-type=\"container\">\n\t\t\t\t\t<div class=\"e-con-inner\">\n\t\t\t\t<div class=\"elementor-element elementor-element-476c6df elementor-widget elementor-widget-text-editor\" data-id=\"476c6df\" data-element_type=\"widget\" data-e-type=\"widget\" data-widget_type=\"text-editor.default\">\n\t\t\t\t<div class=\"elementor-widget-container\">\n\t\t\t\t\t\t\t\t\t<p>Nasze przedszkole funkcjonuje od 15.12.2020 roku. Zosta\u0142o utworzone w oparciu o \u015brodki finansowe z Regionalnego Programu Operacyjnego Wojew\u00f3dztwa \u015awi\u0119tokrzyskiego na lata 2014-2020, Europejskiego Funduszu Spo\u0142ecznego. Organem prowadz\u0105cym jest Stowarzyszenie Na Rzecz Rozwoju Zespo\u0142u Szk\u00f3\u0142 w O\u017carowie im. Marii Sk\u0142odowskiej- Curie. Dyrektorem plac\u00f3wki jest pani Anna Stefa\u0144ska. Przedszkole jest czynne od poniedzia\u0142ku do pi\u0105tku w godzinach 6<sup>30<\/sup>&#8211; 17<sup>00 <\/sup>(r\u00f3wnie\u017c w okresie ferii zimowych i wakacji letnich). Staramy si\u0119 tworzy\u0107 plac\u00f3wk\u0119 bezpieczn\u0105, przyjazn\u0105, ka\u017cdemu dziecku. Otaczamy opiek\u0105 dzieci w wieku\u00a0 od 2,5 do 6 lat. Funkcjonuj\u0105 u nas 4 zr\u00f3\u017cnicowane wiekowo grupy. Obecnie do przedszkola ucz\u0119szcza 78 dzieci.<\/p><p>Plac\u00f3wka prowadzi wy\u017cywienie zgodnie z wymogami sanepidu. Zapewniamy 3 posi\u0142ki dziennie: \u015bniadanie, obiad (zupa i drugie danie), podwieczorek. Przy przygotowywaniu posi\u0142k\u00f3w uwzgl\u0119dniana jest dieta pokarmowa.<\/p><p>Sale zaj\u0119\u0107 wyposa\u017cone s\u0105 w meble dostosowane do potrzeb dzieci oraz nowoczesne sprz\u0119ty technologiczne. K\u0105ciki dydaktyczne s\u0105 systematycznie wzbogacane w r\u00f3\u017cnorodne zabawki\u00a0\u00a0\u00a0\u00a0\u00a0\u00a0\u00a0\u00a0 \u00a0i materia\u0142y rozwojowe. Wystr\u00f3j sal stwarza ciep\u0142\u0105 i przyjazn\u0105 atmosfer\u0119. Bogate pomoce dydaktyczne oraz urozmaicone zaj\u0119cia sprzyjaj\u0105 wszechstronnemu rozwojowi dzieci.<\/p><p>W naszym przedszkolu pracuje wykwalifikowana, profesjonalna i zaanga\u017cowana kadra pedagogiczna, kt\u00f3ra zapewnia bezpiecze\u0144stwo i indywidualne podej\u015bcie do ka\u017cdego dziecka. Rozwijamy talenty dzieci, bierzemy udzia\u0142 w konkursach i realizujemy innowacyjne mi\u0119dzynarodowe i og\u00f3lnopolskie projekty edukacyjne.<\/p><p>Oferta zaj\u0119\u0107 prowadzonych w przedszkolu zapewnia realizacj\u0119 podstawy programowej, a tak\u017ce poszerza j\u0105 o nowatorskie rozwi\u0105zania programowe i metodyczne. Stosowane rozwi\u0105zania wykraczaj\u0105 poza katalog tradycyjnych metod wychowania przedszkolnego i obejmuj\u0105 m.in. zabawy badawcze i do\u015bwiadczenia, metody oparte na teorii integracji sensorycznej, projekt, metody aktywizuj\u0105ce, tw\u00f3rczego my\u015blenia. W naszym przedszkolu organizowane s\u0105 zaj\u0119cia dodatkowe: j\u0119zyk angielski, robotyka, zaj\u0119cia taneczne.<\/p><p>Dzia\u0142amy w oparciu o kalendarz wydarze\u0144 przedszkolnych uwzgl\u0119dniaj\u0105c w nim obchody r\u00f3\u017cnych \u015bwiat tradycyjnych i nietypowych, m.in. Dzie\u0144 Przedszkolaka, Dzie\u0144 Postaci z Bajek, \u015awi\u0119to Niepodleg\u0142o\u015bci, Dzie\u0144 Praw Dziecka, Dzie\u0144 Pluszowego Misia, Andrzejki, Miko\u0142ajki, Dzie\u0144 Babci i Dziadka, Bal Karnawa\u0142owy, Dzie\u0144 Kobiet, Dzie\u0144 \u015awiadomo\u015bci Autyzmu, Dzie\u0144 Sportu i Zdrowia, Dzie\u0144 Ziemi, Dzie\u0144 Rodziny itp. Podczas ca\u0142ego roku szkolnego dzieci \u00a0\u00a0\u00a0\u00a0\u00a0\u00a0\u00a0\u00a0\u00a0\u00a0\u00a0\u00a0\u00a0maj\u0105 tak\u017ce mo\u017cliwo\u015b\u0107 uczestniczenia w r\u00f3\u017cnego rodzaju przedstawieniach teatralnych, warsztatach, wyjazdach, wycieczkach oraz spotkaniach z ekspertami.<\/p><p>Nasze przedszkole bierze czynny udzia\u0142 w r\u00f3\u017cnych akcjach spo\u0142ecznych i zbi\u00f3rkach charytatywnych, dzi\u0119ki kt\u00f3rym staramy si\u0119 rozwija\u0107 u dzieci empati\u0119 i uwra\u017cliwia\u0107 ich na potrzeby i problemy innych ludzi i zwierz\u0105t.<\/p><p>Aktywnie wsp\u00f3\u0142pracujemy z rodzicami w zakresie budowania i realizacji koncepcji naszej pracy. Wspieramy ich w wychowaniu dzieci oraz zach\u0119camy do wsp\u00f3\u0142decydowania \u00a0\u00a0\u00a0\u00a0\u00a0\u00a0\u00a0\u00a0\u00a0\u00a0\u00a0\u00a0\u00a0\u00a0\u00a0\u00a0\u00a0\u00a0\u00a0\u00a0\u00a0\u00a0w sprawach przedszkola. Wsp\u00f3lnie organizujemy imprezy okoliczno\u015bciowe, obchody \u015bwi\u0105t\u00a0\u00a0\u00a0\u00a0\u00a0\u00a0\u00a0\u00a0\u00a0 i wycieczki.<\/p><p>\u015aci\u015ble wsp\u00f3\u0142pracujemy r\u00f3wnie\u017c z Poradni\u0105 Psychologiczno- Pedagogiczn\u0105 i innymi instytucjami dzia\u0142aj\u0105cymi na rzecz dzieci i rodziny. W przedszkolu dzia\u0142a zesp\u00f3\u0142 do spraw pomocy psychologiczno- pedagogicznej, kt\u00f3ry rozpoznaje indywidualne mo\u017cliwo\u015bci psychofizyczne dziecka, dzi\u0119ki czemu realizowane s\u0105 zaj\u0119cia dla dzieci ze specjalnymi potrzebami edukacyjnymi.<\/p><p>Nasze przedszkole stara si\u0119 budowa\u0107 sw\u00f3j wizerunek jako plac\u00f3wki przyjaznej dzieciom \u00a0\u00a0\u00a0\u00a0\u00a0\u00a0\u00a0\u00a0\u00a0\u00a0\u00a0\u00a0\u00a0i rodzicom oraz \u015brodowisku lokalnemu, b\u0119d\u0105c tak\u017ce miejscem, w kt\u00f3rym piel\u0119gnowane s\u0105 tradycje regionalne.<\/p>\t\t\t\t\t\t\t\t<\/div>\n\t\t\t\t<\/div>\n\t\t\t\t\t<\/div>\n\t\t\t\t<\/div>\n\t\t\t\t<\/div>\n\t\t","protected":false},"excerpt":{"rendered":"<p>Przedszkole &#8222;u Sk\u0142odowskiej&#8221; w O\u017carowie Nasze przedszkole funkcjonuje od 15.12.2020 roku. Zosta\u0142o utworzone w oparciu o \u015brodki finansowe z Regionalnego Programu Operacyjnego Wojew\u00f3dztwa \u015awi\u0119tokrzyskiego na lata 2014-2020, Europejskiego Funduszu Spo\u0142ecznego. Organem prowadz\u0105cym jest Stowarzyszenie Na Rzecz Rozwoju Zespo\u0142u Szk\u00f3\u0142 w O\u017carowie im. Marii Sk\u0142odowskiej- Curie. Dyrektorem plac\u00f3wki jest pani Anna&hellip;<\/p>\n","protected":false},"author":1,"featured_media":0,"parent":0,"menu_order":0,"comment_status":"closed","ping_status":"closed","template":"","meta":{"footnotes":""},"class_list":["post-1334","page","type-page","status-publish","hentry"],"yoast_head":"<!-- This site is optimized with the Yoast SEO plugin v27.6 - https:\/\/yoast.com\/product\/yoast-seo-wordpress\/ -->\n<title>O Przedszkolu - Stowarzyszenie Na Rzecz Rozwoju Zespo\u0142u Szk\u00f3\u0142 w O\u017carowie im. Marii Sk\u0142odowskiej \u2013 Curie<\/title>\n<meta name=\"robots\" content=\"index, follow, max-snippet:-1, max-image-preview:large, max-video-preview:-1\" \/>\n<link rel=\"canonical\" href=\"https:\/\/spozarow.pl\/?page_id=1334\" \/>\n<meta property=\"og:locale\" content=\"pl_PL\" \/>\n<meta property=\"og:type\" content=\"article\" \/>\n<meta property=\"og:title\" content=\"O Przedszkolu - Stowarzyszenie Na Rzecz Rozwoju Zespo\u0142u Szk\u00f3\u0142 w O\u017carowie im. Marii Sk\u0142odowskiej \u2013 Curie\" \/>\n<meta property=\"og:description\" content=\"Przedszkole &#8222;u Sk\u0142odowskiej&#8221; w O\u017carowie Nasze przedszkole funkcjonuje od 15.12.2020 roku. Zosta\u0142o utworzone w oparciu o \u015brodki finansowe z Regionalnego Programu Operacyjnego Wojew\u00f3dztwa \u015awi\u0119tokrzyskiego na lata 2014-2020, Europejskiego Funduszu Spo\u0142ecznego. Organem prowadz\u0105cym jest Stowarzyszenie Na Rzecz Rozwoju Zespo\u0142u Szk\u00f3\u0142 w O\u017carowie im. Marii Sk\u0142odowskiej- Curie. Dyrektorem plac\u00f3wki jest pani Anna&hellip;\" \/>\n<meta property=\"og:url\" content=\"https:\/\/spozarow.pl\/?page_id=1334\" \/>\n<meta property=\"og:site_name\" content=\"Stowarzyszenie Na Rzecz Rozwoju Zespo\u0142u Szk\u00f3\u0142 w O\u017carowie im. Marii Sk\u0142odowskiej \u2013 Curie\" \/>\n<meta property=\"article:modified_time\" content=\"2023-11-17T10:37:01+00:00\" \/>\n<meta name=\"twitter:card\" content=\"summary_large_image\" \/>\n<meta name=\"twitter:label1\" content=\"Szacowany czas czytania\" \/>\n\t<meta name=\"twitter:data1\" content=\"3 minuty\" \/>\n<script type=\"application\/ld+json\" class=\"yoast-schema-graph\">{\"@context\":\"https:\\\/\\\/schema.org\",\"@graph\":[{\"@type\":\"WebPage\",\"@id\":\"https:\\\/\\\/spozarow.pl\\\/?page_id=1334\",\"url\":\"https:\\\/\\\/spozarow.pl\\\/?page_id=1334\",\"name\":\"O Przedszkolu - Stowarzyszenie Na Rzecz Rozwoju Zespo\u0142u Szk\u00f3\u0142 w O\u017carowie im. Marii Sk\u0142odowskiej \u2013 Curie\",\"isPartOf\":{\"@id\":\"https:\\\/\\\/spozarow.pl\\\/#website\"},\"datePublished\":\"2023-11-17T10:35:16+00:00\",\"dateModified\":\"2023-11-17T10:37:01+00:00\",\"breadcrumb\":{\"@id\":\"https:\\\/\\\/spozarow.pl\\\/?page_id=1334#breadcrumb\"},\"inLanguage\":\"pl-PL\",\"potentialAction\":[{\"@type\":\"ReadAction\",\"target\":[\"https:\\\/\\\/spozarow.pl\\\/?page_id=1334\"]}]},{\"@type\":\"BreadcrumbList\",\"@id\":\"https:\\\/\\\/spozarow.pl\\\/?page_id=1334#breadcrumb\",\"itemListElement\":[{\"@type\":\"ListItem\",\"position\":1,\"name\":\"G\u0142\u00f3wna\",\"item\":\"https:\\\/\\\/spozarow.pl\\\/\"},{\"@type\":\"ListItem\",\"position\":2,\"name\":\"O Przedszkolu\"}]},{\"@type\":\"WebSite\",\"@id\":\"https:\\\/\\\/spozarow.pl\\\/#website\",\"url\":\"https:\\\/\\\/spozarow.pl\\\/\",\"name\":\"Stowarzyszenie Na Rzecz Rozwoju Zespo\u0142u Szk\u00f3\u0142 w O\u017caroie im. Marii Sk\u0142odowskiej - Curie\",\"description\":\"\",\"publisher\":{\"@id\":\"https:\\\/\\\/spozarow.pl\\\/#organization\"},\"potentialAction\":[{\"@type\":\"SearchAction\",\"target\":{\"@type\":\"EntryPoint\",\"urlTemplate\":\"https:\\\/\\\/spozarow.pl\\\/?s={search_term_string}\"},\"query-input\":{\"@type\":\"PropertyValueSpecification\",\"valueRequired\":true,\"valueName\":\"search_term_string\"}}],\"inLanguage\":\"pl-PL\"},{\"@type\":\"Organization\",\"@id\":\"https:\\\/\\\/spozarow.pl\\\/#organization\",\"name\":\"Stowarzyszenie Na Rzecz Rozwoju Zespo\u0142u Szk\u00f3\u0142 w O\u017caroie im. Marii Sk\u0142odowskiej - Curie\",\"url\":\"https:\\\/\\\/spozarow.pl\\\/\",\"logo\":{\"@type\":\"ImageObject\",\"inLanguage\":\"pl-PL\",\"@id\":\"https:\\\/\\\/spozarow.pl\\\/#\\\/schema\\\/logo\\\/image\\\/\",\"url\":\"https:\\\/\\\/spozarow.pl\\\/wp-content\\\/uploads\\\/2023\\\/11\\\/logo-3.jpg\",\"contentUrl\":\"https:\\\/\\\/spozarow.pl\\\/wp-content\\\/uploads\\\/2023\\\/11\\\/logo-3.jpg\",\"width\":1872,\"height\":205,\"caption\":\"Stowarzyszenie Na Rzecz Rozwoju Zespo\u0142u Szk\u00f3\u0142 w O\u017caroie im. Marii Sk\u0142odowskiej - Curie\"},\"image\":{\"@id\":\"https:\\\/\\\/spozarow.pl\\\/#\\\/schema\\\/logo\\\/image\\\/\"}}]}<\/script>\n<!-- \/ Yoast SEO plugin. -->","yoast_head_json":{"title":"O Przedszkolu - Stowarzyszenie Na Rzecz Rozwoju Zespo\u0142u Szk\u00f3\u0142 w O\u017carowie im. Marii Sk\u0142odowskiej \u2013 Curie","robots":{"index":"index","follow":"follow","max-snippet":"max-snippet:-1","max-image-preview":"max-image-preview:large","max-video-preview":"max-video-preview:-1"},"canonical":"https:\/\/spozarow.pl\/?page_id=1334","og_locale":"pl_PL","og_type":"article","og_title":"O Przedszkolu - Stowarzyszenie Na Rzecz Rozwoju Zespo\u0142u Szk\u00f3\u0142 w O\u017carowie im. Marii Sk\u0142odowskiej \u2013 Curie","og_description":"Przedszkole &#8222;u Sk\u0142odowskiej&#8221; w O\u017carowie Nasze przedszkole funkcjonuje od 15.12.2020 roku. Zosta\u0142o utworzone w oparciu o \u015brodki finansowe z Regionalnego Programu Operacyjnego Wojew\u00f3dztwa \u015awi\u0119tokrzyskiego na lata 2014-2020, Europejskiego Funduszu Spo\u0142ecznego. Organem prowadz\u0105cym jest Stowarzyszenie Na Rzecz Rozwoju Zespo\u0142u Szk\u00f3\u0142 w O\u017carowie im. Marii Sk\u0142odowskiej- Curie. Dyrektorem plac\u00f3wki jest pani Anna&hellip;","og_url":"https:\/\/spozarow.pl\/?page_id=1334","og_site_name":"Stowarzyszenie Na Rzecz Rozwoju Zespo\u0142u Szk\u00f3\u0142 w O\u017carowie im. Marii Sk\u0142odowskiej \u2013 Curie","article_modified_time":"2023-11-17T10:37:01+00:00","twitter_card":"summary_large_image","twitter_misc":{"Szacowany czas czytania":"3 minuty"},"schema":{"@context":"https:\/\/schema.org","@graph":[{"@type":"WebPage","@id":"https:\/\/spozarow.pl\/?page_id=1334","url":"https:\/\/spozarow.pl\/?page_id=1334","name":"O Przedszkolu - Stowarzyszenie Na Rzecz Rozwoju Zespo\u0142u Szk\u00f3\u0142 w O\u017carowie im. Marii Sk\u0142odowskiej \u2013 Curie","isPartOf":{"@id":"https:\/\/spozarow.pl\/#website"},"datePublished":"2023-11-17T10:35:16+00:00","dateModified":"2023-11-17T10:37:01+00:00","breadcrumb":{"@id":"https:\/\/spozarow.pl\/?page_id=1334#breadcrumb"},"inLanguage":"pl-PL","potentialAction":[{"@type":"ReadAction","target":["https:\/\/spozarow.pl\/?page_id=1334"]}]},{"@type":"BreadcrumbList","@id":"https:\/\/spozarow.pl\/?page_id=1334#breadcrumb","itemListElement":[{"@type":"ListItem","position":1,"name":"G\u0142\u00f3wna","item":"https:\/\/spozarow.pl\/"},{"@type":"ListItem","position":2,"name":"O Przedszkolu"}]},{"@type":"WebSite","@id":"https:\/\/spozarow.pl\/#website","url":"https:\/\/spozarow.pl\/","name":"Stowarzyszenie Na Rzecz Rozwoju Zespo\u0142u Szk\u00f3\u0142 w O\u017caroie im. Marii Sk\u0142odowskiej - Curie","description":"","publisher":{"@id":"https:\/\/spozarow.pl\/#organization"},"potentialAction":[{"@type":"SearchAction","target":{"@type":"EntryPoint","urlTemplate":"https:\/\/spozarow.pl\/?s={search_term_string}"},"query-input":{"@type":"PropertyValueSpecification","valueRequired":true,"valueName":"search_term_string"}}],"inLanguage":"pl-PL"},{"@type":"Organization","@id":"https:\/\/spozarow.pl\/#organization","name":"Stowarzyszenie Na Rzecz Rozwoju Zespo\u0142u Szk\u00f3\u0142 w O\u017caroie im. Marii Sk\u0142odowskiej - Curie","url":"https:\/\/spozarow.pl\/","logo":{"@type":"ImageObject","inLanguage":"pl-PL","@id":"https:\/\/spozarow.pl\/#\/schema\/logo\/image\/","url":"https:\/\/spozarow.pl\/wp-content\/uploads\/2023\/11\/logo-3.jpg","contentUrl":"https:\/\/spozarow.pl\/wp-content\/uploads\/2023\/11\/logo-3.jpg","width":1872,"height":205,"caption":"Stowarzyszenie Na Rzecz Rozwoju Zespo\u0142u Szk\u00f3\u0142 w O\u017caroie im. Marii Sk\u0142odowskiej - Curie"},"image":{"@id":"https:\/\/spozarow.pl\/#\/schema\/logo\/image\/"}}]}},"_links":{"self":[{"href":"https:\/\/spozarow.pl\/index.php?rest_route=\/wp\/v2\/pages\/1334","targetHints":{"allow":["GET"]}}],"collection":[{"href":"https:\/\/spozarow.pl\/index.php?rest_route=\/wp\/v2\/pages"}],"about":[{"href":"https:\/\/spozarow.pl\/index.php?rest_route=\/wp\/v2\/types\/page"}],"author":[{"embeddable":true,"href":"https:\/\/spozarow.pl\/index.php?rest_route=\/wp\/v2\/users\/1"}],"replies":[{"embeddable":true,"href":"https:\/\/spozarow.pl\/index.php?rest_route=%2Fwp%2Fv2%2Fcomments&post=1334"}],"version-history":[{"count":7,"href":"https:\/\/spozarow.pl\/index.php?rest_route=\/wp\/v2\/pages\/1334\/revisions"}],"predecessor-version":[{"id":1342,"href":"https:\/\/spozarow.pl\/index.php?rest_route=\/wp\/v2\/pages\/1334\/revisions\/1342"}],"wp:attachment":[{"href":"https:\/\/spozarow.pl\/index.php?rest_route=%2Fwp%2Fv2%2Fmedia&parent=1334"}],"curies":[{"name":"wp","href":"https:\/\/api.w.org\/{rel}","templated":true}]}}